{"id":26267,"date":"2026-01-23T14:47:27","date_gmt":"2026-01-23T13:47:27","guid":{"rendered":"https:\/\/www.grupoandres.com\/pneumaticos\/hankook-tire\/"},"modified":"2026-01-28T16:05:07","modified_gmt":"2026-01-28T15:05:07","slug":"hankook-tire","status":"publish","type":"page","link":"https:\/\/www.grupoandres.com\/pt-pt\/pneumaticos\/hankook-tire\/","title":{"rendered":"Hankook"},"content":{"rendered":"<p><strong>Hankook Tire<\/strong> \u00e9 uma marca de origem <strong>sul-coreana<\/strong>, fundada em <strong>1941 em Seul<\/strong>, e hoje reconhecida como um dos fabricantes de pneus com maior proje\u00e7\u00e3o internacional. A sua evolu\u00e7\u00e3o tem sido constante: passou de <strong>pioneira local a protagonista global<\/strong>, presente em mais de 160 pa\u00edses e com produ\u00e7\u00e3o superior a 100 milh\u00f5es de unidades por ano. Este crescimento assenta em tr\u00eas pilares estrat\u00e9gicos: uma rede de fabrico e distribui\u00e7\u00e3o altamente competitiva, inova\u00e7\u00e3o tecnol\u00f3gica e engenharia de alta precis\u00e3o. Os \u00eaxitos da Hankook Tire confirmam o seu posicionamento como uma <strong>marca <em>premium<\/em><\/strong>. Prova disso s\u00e3o os seus <strong>novos equipamentos de origem para ve\u00edculos el\u00e9tricos<\/strong> e de altas presta\u00e7\u00f5es. Entre as novidades destacam-se os mais recentes acordos com a Volkswagen e a BMW. A marca est\u00e1 a expandir o seu neg\u00f3cio de equipamento original no setor da eletromobilidade.<\/p>\n","protected":false},"excerpt":{"rendered":"<p>Hankook Tire \u00e9 uma marca de origem sul-coreana, fundada em 1941 em Seul, e hoje reconhecida como um dos fabricantes de pneus com maior proje\u00e7\u00e3o internacional. A sua evolu\u00e7\u00e3o tem sido constante: passou de pioneira local a protagonista global, presente em mais de 160 pa\u00edses e com produ\u00e7\u00e3o superior a 100 milh\u00f5es de unidades por &hellip; <a href=\"https:\/\/www.grupoandres.com\/pt-pt\/pneumaticos\/hankook-tire\/\" class=\"more-link\">Continue reading <span class=\"screen-reader-text\">Hankook<\/span> <span class=\"meta-nav\">&rarr;<\/span><\/a><\/p>\n","protected":false},"author":1,"featured_media":0,"parent":1251,"menu_order":0,"comment_status":"closed","ping_status":"closed","template":"page-marcas.php","meta":{"_acf_changed":false,"footnotes":""},"class_list":["post-26267","page","type-page","status-publish","hentry"],"acf":[],"yoast_head":"<!-- This site is optimized with the Yoast SEO plugin v27.3 - https:\/\/yoast.com\/product\/yoast-seo-wordpress\/ -->\n<title>Pneus Hankook - Pneus para todo o tipo de ve\u00edculos<\/title>\n<meta name=\"description\" content=\"Descubra a Hankook Tire, uma marca l\u00edder de pneus premium com garantia de qualidade, forte investimento em I&amp;D e presen\u00e7a internacional em 160 pa\u00edses.\" \/>\n<meta name=\"robots\" content=\"index, follow, max-snippet:-1, max-image-preview:large, max-video-preview:-1\" \/>\n<link rel=\"canonical\" href=\"https:\/\/www.grupoandres.com\/pt-pt\/pneumaticos\/hankook-tire\/\" \/>\n<meta property=\"og:locale\" content=\"pt_PT\" \/>\n<meta property=\"og:type\" content=\"article\" \/>\n<meta property=\"og:title\" content=\"Pneus Hankook - Pneus para todo o tipo de ve\u00edculos\" \/>\n<meta property=\"og:description\" content=\"Descubra a Hankook Tire, uma marca l\u00edder de pneus premium com garantia de qualidade, forte investimento em I&amp;D e presen\u00e7a internacional em 160 pa\u00edses.\" \/>\n<meta property=\"og:url\" content=\"https:\/\/www.grupoandres.com\/pt-pt\/pneumaticos\/hankook-tire\/\" \/>\n<meta property=\"og:site_name\" content=\"Grupo Andr\u00e9s Pneum\u00e1ticos\" \/>\n<meta property=\"article:modified_time\" content=\"2026-01-28T15:05:07+00:00\" \/>\n<meta name=\"twitter:card\" content=\"summary_large_image\" \/>\n<meta name=\"twitter:label1\" content=\"Tempo estimado de leitura\" \/>\n\t<meta name=\"twitter:data1\" content=\"1 minuto\" \/>\n<script type=\"application\/ld+json\" class=\"yoast-schema-graph\">{\"@context\":\"https:\\\/\\\/schema.org\",\"@graph\":[{\"@type\":\"WebPage\",\"@id\":\"https:\\\/\\\/www.grupoandres.com\\\/pt-pt\\\/pneumaticos\\\/hankook-tire\\\/\",\"url\":\"https:\\\/\\\/www.grupoandres.com\\\/pt-pt\\\/pneumaticos\\\/hankook-tire\\\/\",\"name\":\"Pneus Hankook - Pneus para todo o tipo de ve\u00edculos\",\"isPartOf\":{\"@id\":\"https:\\\/\\\/www.grupoandres.com\\\/#website\"},\"datePublished\":\"2026-01-23T13:47:27+00:00\",\"dateModified\":\"2026-01-28T15:05:07+00:00\",\"description\":\"Descubra a Hankook Tire, uma marca l\u00edder de pneus premium com garantia de qualidade, forte investimento em I&amp;D e presen\u00e7a internacional em 160 pa\u00edses.\",\"breadcrumb\":{\"@id\":\"https:\\\/\\\/www.grupoandres.com\\\/pt-pt\\\/pneumaticos\\\/hankook-tire\\\/#breadcrumb\"},\"inLanguage\":\"pt-PT\",\"potentialAction\":[{\"@type\":\"ReadAction\",\"target\":[\"https:\\\/\\\/www.grupoandres.com\\\/pt-pt\\\/pneumaticos\\\/hankook-tire\\\/\"]}]},{\"@type\":\"BreadcrumbList\",\"@id\":\"https:\\\/\\\/www.grupoandres.com\\\/pt-pt\\\/pneumaticos\\\/hankook-tire\\\/#breadcrumb\",\"itemListElement\":[{\"@type\":\"ListItem\",\"position\":1,\"name\":\"Portada\",\"item\":\"https:\\\/\\\/www.grupoandres.com\\\/pt-pt\\\/\"},{\"@type\":\"ListItem\",\"position\":2,\"name\":\"Grupo Andr\u00e9s\",\"item\":\"https:\\\/\\\/www.grupoandres.com\\\/pt-pt\\\/pneumaticos\\\/\"},{\"@type\":\"ListItem\",\"position\":3,\"name\":\"Hankook\"}]},{\"@type\":\"WebSite\",\"@id\":\"https:\\\/\\\/www.grupoandres.com\\\/#website\",\"url\":\"https:\\\/\\\/www.grupoandres.com\\\/\",\"name\":\"Grupo Andr\u00e9s Pneum\u00e1ticos\",\"description\":\"Tyres distributor  for workshops and proffesional.Stock 500,000 tires  of  70 brands. Exclusive distributors of brands as Nankang , Matador, General Tire and more.\",\"potentialAction\":[{\"@type\":\"SearchAction\",\"target\":{\"@type\":\"EntryPoint\",\"urlTemplate\":\"https:\\\/\\\/www.grupoandres.com\\\/?s={search_term_string}\"},\"query-input\":{\"@type\":\"PropertyValueSpecification\",\"valueRequired\":true,\"valueName\":\"search_term_string\"}}],\"inLanguage\":\"pt-PT\"}]}<\/script>\n<!-- \/ Yoast SEO plugin. -->","yoast_head_json":{"title":"Pneus Hankook - Pneus para todo o tipo de ve\u00edculos","description":"Descubra a Hankook Tire, uma marca l\u00edder de pneus premium com garantia de qualidade, forte investimento em I&amp;D e presen\u00e7a internacional em 160 pa\u00edses.","robots":{"index":"index","follow":"follow","max-snippet":"max-snippet:-1","max-image-preview":"max-image-preview:large","max-video-preview":"max-video-preview:-1"},"canonical":"https:\/\/www.grupoandres.com\/pt-pt\/pneumaticos\/hankook-tire\/","og_locale":"pt_PT","og_type":"article","og_title":"Pneus Hankook - Pneus para todo o tipo de ve\u00edculos","og_description":"Descubra a Hankook Tire, uma marca l\u00edder de pneus premium com garantia de qualidade, forte investimento em I&amp;D e presen\u00e7a internacional em 160 pa\u00edses.","og_url":"https:\/\/www.grupoandres.com\/pt-pt\/pneumaticos\/hankook-tire\/","og_site_name":"Grupo Andr\u00e9s Pneum\u00e1ticos","article_modified_time":"2026-01-28T15:05:07+00:00","twitter_card":"summary_large_image","twitter_misc":{"Tempo estimado de leitura":"1 minuto"},"schema":{"@context":"https:\/\/schema.org","@graph":[{"@type":"WebPage","@id":"https:\/\/www.grupoandres.com\/pt-pt\/pneumaticos\/hankook-tire\/","url":"https:\/\/www.grupoandres.com\/pt-pt\/pneumaticos\/hankook-tire\/","name":"Pneus Hankook - Pneus para todo o tipo de ve\u00edculos","isPartOf":{"@id":"https:\/\/www.grupoandres.com\/#website"},"datePublished":"2026-01-23T13:47:27+00:00","dateModified":"2026-01-28T15:05:07+00:00","description":"Descubra a Hankook Tire, uma marca l\u00edder de pneus premium com garantia de qualidade, forte investimento em I&amp;D e presen\u00e7a internacional em 160 pa\u00edses.","breadcrumb":{"@id":"https:\/\/www.grupoandres.com\/pt-pt\/pneumaticos\/hankook-tire\/#breadcrumb"},"inLanguage":"pt-PT","potentialAction":[{"@type":"ReadAction","target":["https:\/\/www.grupoandres.com\/pt-pt\/pneumaticos\/hankook-tire\/"]}]},{"@type":"BreadcrumbList","@id":"https:\/\/www.grupoandres.com\/pt-pt\/pneumaticos\/hankook-tire\/#breadcrumb","itemListElement":[{"@type":"ListItem","position":1,"name":"Portada","item":"https:\/\/www.grupoandres.com\/pt-pt\/"},{"@type":"ListItem","position":2,"name":"Grupo Andr\u00e9s","item":"https:\/\/www.grupoandres.com\/pt-pt\/pneumaticos\/"},{"@type":"ListItem","position":3,"name":"Hankook"}]},{"@type":"WebSite","@id":"https:\/\/www.grupoandres.com\/#website","url":"https:\/\/www.grupoandres.com\/","name":"Grupo Andr\u00e9s Pneum\u00e1ticos","description":"Tyres distributor  for workshops and proffesional.Stock 500,000 tires  of  70 brands. Exclusive distributors of brands as Nankang , Matador, General Tire and more.","potentialAction":[{"@type":"SearchAction","target":{"@type":"EntryPoint","urlTemplate":"https:\/\/www.grupoandres.com\/?s={search_term_string}"},"query-input":{"@type":"PropertyValueSpecification","valueRequired":true,"valueName":"search_term_string"}}],"inLanguage":"pt-PT"}]}},"_links":{"self":[{"href":"https:\/\/www.grupoandres.com\/pt-pt\/wp-json\/wp\/v2\/pages\/26267","targetHints":{"allow":["GET"]}}],"collection":[{"href":"https:\/\/www.grupoandres.com\/pt-pt\/wp-json\/wp\/v2\/pages"}],"about":[{"href":"https:\/\/www.grupoandres.com\/pt-pt\/wp-json\/wp\/v2\/types\/page"}],"author":[{"embeddable":true,"href":"https:\/\/www.grupoandres.com\/pt-pt\/wp-json\/wp\/v2\/users\/1"}],"replies":[{"embeddable":true,"href":"https:\/\/www.grupoandres.com\/pt-pt\/wp-json\/wp\/v2\/comments?post=26267"}],"version-history":[{"count":2,"href":"https:\/\/www.grupoandres.com\/pt-pt\/wp-json\/wp\/v2\/pages\/26267\/revisions"}],"predecessor-version":[{"id":26280,"href":"https:\/\/www.grupoandres.com\/pt-pt\/wp-json\/wp\/v2\/pages\/26267\/revisions\/26280"}],"up":[{"embeddable":true,"href":"https:\/\/www.grupoandres.com\/pt-pt\/wp-json\/wp\/v2\/pages\/1251"}],"wp:attachment":[{"href":"https:\/\/www.grupoandres.com\/pt-pt\/wp-json\/wp\/v2\/media?parent=26267"}],"curies":[{"name":"wp","href":"https:\/\/api.w.org\/{rel}","templated":true}]}}