{"id":1128,"date":"2016-05-16T07:47:05","date_gmt":"2016-05-16T07:47:05","guid":{"rendered":"http:\/\/www.grupoandres.com\/pt-pt\/solicitar-cuenta\/alta-cliente-ok\/"},"modified":"2021-10-29T01:59:39","modified_gmt":"2021-10-28T23:59:39","slug":"alta-cliente-ok","status":"publish","type":"page","link":"https:\/\/www.grupoandres.com\/pt-pt\/solicitar-conta\/alta-cliente-ok\/","title":{"rendered":"Gracias por confiar en Grupo Andr\u00e9s"},"content":{"rendered":"<p style=\"text-align: center;\">Agradecemos a confian\u00e7a depositada Grupo Andr\u00e9s.<\/p>\n<p style=\"text-align: center;\">Entraremos em contato o mais r\u00e1pido poss\u00edvel.<\/p>\n","protected":false},"excerpt":{"rendered":"<p>Agradecemos a confian\u00e7a depositada Grupo Andr\u00e9s. Entraremos em contato o mais r\u00e1pido poss\u00edvel.<\/p>\n","protected":false},"author":1,"featured_media":0,"parent":1126,"menu_order":0,"comment_status":"closed","ping_status":"closed","template":"page-thankyoupage.php","meta":{"_acf_changed":false,"footnotes":""},"class_list":["post-1128","page","type-page","status-publish","hentry"],"acf":[],"yoast_head":"<!-- This site is optimized with the Yoast SEO plugin v27.3 - https:\/\/yoast.com\/product\/yoast-seo-wordpress\/ -->\n<title>Gracias por confiar en Grupo Andr\u00e9s - Grupo Andr\u00e9s Pneum\u00e1ticos<\/title>\n<meta name=\"robots\" content=\"noindex, follow\" \/>\n<meta property=\"og:locale\" content=\"pt_PT\" \/>\n<meta property=\"og:type\" content=\"article\" \/>\n<meta property=\"og:title\" content=\"Gracias por confiar en Grupo Andr\u00e9s - Grupo Andr\u00e9s Pneum\u00e1ticos\" \/>\n<meta property=\"og:description\" content=\"Agradecemos a confian\u00e7a depositada Grupo Andr\u00e9s. Entraremos em contato o mais r\u00e1pido poss\u00edvel.\" \/>\n<meta property=\"og:url\" content=\"https:\/\/www.grupoandres.com\/pt-pt\/solicitar-conta\/alta-cliente-ok\/\" \/>\n<meta property=\"og:site_name\" content=\"Grupo Andr\u00e9s Pneum\u00e1ticos\" \/>\n<meta property=\"article:modified_time\" content=\"2021-10-28T23:59:39+00:00\" \/>\n<meta name=\"twitter:card\" content=\"summary_large_image\" \/>\n<script type=\"application\/ld+json\" class=\"yoast-schema-graph\">{\"@context\":\"https:\\\/\\\/schema.org\",\"@graph\":[{\"@type\":\"WebPage\",\"@id\":\"https:\\\/\\\/www.grupoandres.com\\\/pt-pt\\\/solicitar-conta\\\/alta-cliente-ok\\\/\",\"url\":\"https:\\\/\\\/www.grupoandres.com\\\/pt-pt\\\/solicitar-conta\\\/alta-cliente-ok\\\/\",\"name\":\"Gracias por confiar en Grupo Andr\u00e9s - Grupo Andr\u00e9s Pneum\u00e1ticos\",\"isPartOf\":{\"@id\":\"https:\\\/\\\/www.grupoandres.com\\\/#website\"},\"datePublished\":\"2016-05-16T07:47:05+00:00\",\"dateModified\":\"2021-10-28T23:59:39+00:00\",\"breadcrumb\":{\"@id\":\"https:\\\/\\\/www.grupoandres.com\\\/pt-pt\\\/solicitar-conta\\\/alta-cliente-ok\\\/#breadcrumb\"},\"inLanguage\":\"pt-PT\",\"potentialAction\":[{\"@type\":\"ReadAction\",\"target\":[\"https:\\\/\\\/www.grupoandres.com\\\/pt-pt\\\/solicitar-conta\\\/alta-cliente-ok\\\/\"]}]},{\"@type\":\"BreadcrumbList\",\"@id\":\"https:\\\/\\\/www.grupoandres.com\\\/pt-pt\\\/solicitar-conta\\\/alta-cliente-ok\\\/#breadcrumb\",\"itemListElement\":[{\"@type\":\"ListItem\",\"position\":1,\"name\":\"Portada\",\"item\":\"https:\\\/\\\/www.grupoandres.com\\\/pt-pt\\\/\"},{\"@type\":\"ListItem\",\"position\":2,\"name\":\"Solicitar Cuenta\",\"item\":\"https:\\\/\\\/www.grupoandres.com\\\/pt-pt\\\/solicitar-conta\\\/\"},{\"@type\":\"ListItem\",\"position\":3,\"name\":\"Gracias por confiar en Grupo Andr\u00e9s\"}]},{\"@type\":\"WebSite\",\"@id\":\"https:\\\/\\\/www.grupoandres.com\\\/#website\",\"url\":\"https:\\\/\\\/www.grupoandres.com\\\/\",\"name\":\"Grupo Andr\u00e9s Pneum\u00e1ticos\",\"description\":\"Tyres distributor  for workshops and proffesional.Stock 500,000 tires  of  70 brands. Exclusive distributors of brands as Nankang , Matador, General Tire and more.\",\"potentialAction\":[{\"@type\":\"SearchAction\",\"target\":{\"@type\":\"EntryPoint\",\"urlTemplate\":\"https:\\\/\\\/www.grupoandres.com\\\/?s={search_term_string}\"},\"query-input\":{\"@type\":\"PropertyValueSpecification\",\"valueRequired\":true,\"valueName\":\"search_term_string\"}}],\"inLanguage\":\"pt-PT\"}]}<\/script>\n<!-- \/ Yoast SEO plugin. -->","yoast_head_json":{"title":"Gracias por confiar en Grupo Andr\u00e9s - Grupo Andr\u00e9s Pneum\u00e1ticos","robots":{"index":"noindex","follow":"follow"},"og_locale":"pt_PT","og_type":"article","og_title":"Gracias por confiar en Grupo Andr\u00e9s - Grupo Andr\u00e9s Pneum\u00e1ticos","og_description":"Agradecemos a confian\u00e7a depositada Grupo Andr\u00e9s. Entraremos em contato o mais r\u00e1pido poss\u00edvel.","og_url":"https:\/\/www.grupoandres.com\/pt-pt\/solicitar-conta\/alta-cliente-ok\/","og_site_name":"Grupo Andr\u00e9s Pneum\u00e1ticos","article_modified_time":"2021-10-28T23:59:39+00:00","twitter_card":"summary_large_image","schema":{"@context":"https:\/\/schema.org","@graph":[{"@type":"WebPage","@id":"https:\/\/www.grupoandres.com\/pt-pt\/solicitar-conta\/alta-cliente-ok\/","url":"https:\/\/www.grupoandres.com\/pt-pt\/solicitar-conta\/alta-cliente-ok\/","name":"Gracias por confiar en Grupo Andr\u00e9s - Grupo Andr\u00e9s Pneum\u00e1ticos","isPartOf":{"@id":"https:\/\/www.grupoandres.com\/#website"},"datePublished":"2016-05-16T07:47:05+00:00","dateModified":"2021-10-28T23:59:39+00:00","breadcrumb":{"@id":"https:\/\/www.grupoandres.com\/pt-pt\/solicitar-conta\/alta-cliente-ok\/#breadcrumb"},"inLanguage":"pt-PT","potentialAction":[{"@type":"ReadAction","target":["https:\/\/www.grupoandres.com\/pt-pt\/solicitar-conta\/alta-cliente-ok\/"]}]},{"@type":"BreadcrumbList","@id":"https:\/\/www.grupoandres.com\/pt-pt\/solicitar-conta\/alta-cliente-ok\/#breadcrumb","itemListElement":[{"@type":"ListItem","position":1,"name":"Portada","item":"https:\/\/www.grupoandres.com\/pt-pt\/"},{"@type":"ListItem","position":2,"name":"Solicitar Cuenta","item":"https:\/\/www.grupoandres.com\/pt-pt\/solicitar-conta\/"},{"@type":"ListItem","position":3,"name":"Gracias por confiar en Grupo Andr\u00e9s"}]},{"@type":"WebSite","@id":"https:\/\/www.grupoandres.com\/#website","url":"https:\/\/www.grupoandres.com\/","name":"Grupo Andr\u00e9s Pneum\u00e1ticos","description":"Tyres distributor  for workshops and proffesional.Stock 500,000 tires  of  70 brands. Exclusive distributors of brands as Nankang , Matador, General Tire and more.","potentialAction":[{"@type":"SearchAction","target":{"@type":"EntryPoint","urlTemplate":"https:\/\/www.grupoandres.com\/?s={search_term_string}"},"query-input":{"@type":"PropertyValueSpecification","valueRequired":true,"valueName":"search_term_string"}}],"inLanguage":"pt-PT"}]}},"_links":{"self":[{"href":"https:\/\/www.grupoandres.com\/pt-pt\/wp-json\/wp\/v2\/pages\/1128","targetHints":{"allow":["GET"]}}],"collection":[{"href":"https:\/\/www.grupoandres.com\/pt-pt\/wp-json\/wp\/v2\/pages"}],"about":[{"href":"https:\/\/www.grupoandres.com\/pt-pt\/wp-json\/wp\/v2\/types\/page"}],"author":[{"embeddable":true,"href":"https:\/\/www.grupoandres.com\/pt-pt\/wp-json\/wp\/v2\/users\/1"}],"replies":[{"embeddable":true,"href":"https:\/\/www.grupoandres.com\/pt-pt\/wp-json\/wp\/v2\/comments?post=1128"}],"version-history":[{"count":4,"href":"https:\/\/www.grupoandres.com\/pt-pt\/wp-json\/wp\/v2\/pages\/1128\/revisions"}],"predecessor-version":[{"id":13111,"href":"https:\/\/www.grupoandres.com\/pt-pt\/wp-json\/wp\/v2\/pages\/1128\/revisions\/13111"}],"up":[{"embeddable":true,"href":"https:\/\/www.grupoandres.com\/pt-pt\/wp-json\/wp\/v2\/pages\/1126"}],"wp:attachment":[{"href":"https:\/\/www.grupoandres.com\/pt-pt\/wp-json\/wp\/v2\/media?parent=1128"}],"curies":[{"name":"wp","href":"https:\/\/api.w.org\/{rel}","templated":true}]}}