{"id":3292,"date":"2015-11-30T17:16:20","date_gmt":"2015-11-30T15:16:20","guid":{"rendered":"http:\/\/www.grupoandres.com\/it\/aviso-legal\/"},"modified":"2019-08-27T08:49:17","modified_gmt":"2019-08-27T07:49:17","slug":"avviso-legale","status":"publish","type":"page","link":"https:\/\/www.grupoandres.com\/it\/avviso-legale\/","title":{"rendered":"Avviso Legale"},"content":{"rendered":"<h1>Avviso legale<\/h1>\n<h2>1 Informazioni legali<\/h2>\n<p>http:\/\/www.grupoandres.com (di seguito, il SITIO WEB) \u00e8 un dominio registrato da NEUMATICOS ANDRES S.A.U. Societ\u00e0 iscritta nel Registro delle Imprese\u00a0di Salamanca, foglio n\u00ba SA-116010. C.I.F.: A-84593722. (di seguito, L&#8217;AZIENDA)<\/p>\n<p><strong>CIF:<\/strong> A-84593722.<br \/>\n<strong>SEDE LEGALE:<\/strong> Crta Vitigudino km 0.5 (C-517)<br \/>\nCentro de transportes<br \/>\n37008 Salamanca<br \/>\nSpagna<br \/>\n<strong>TELEFONO:<\/strong>\u00a00034 902 19 32 48.<br \/>\n<strong>E-MAIL:<\/strong>\u00a0info@grupoandres.com<\/p>\n<h2>2 Condizioni d&#8217;uso<\/h2>\n<p>L&#8217;accesso\u00a0al SITIO WEB \u00e8, in principio, gratuito, senza pregiudizio che l&#8217;acquisto di prodotti o servizi attraverso il SITO WEB sia soggetto di un corrispondente economico.<\/p>\n<h2>3\u00a0Responsabilit\u00e0 dell&#8217;utente<\/h2>\n<p>L&#8217;UTENTE si compromette a non utilizzare il SITO WEB ne le infomazioni offerte nello stesso per la realizzazione di attivit\u00e0 contrarie alla legge, la morale o l&#8217;ordine pubblico e, in generale, per farne un uso conforme alle condizioni stabilite dall&#8217;AZIENDA.<\/p>\n<p>Le opinioni, i contenuti e, in generale, tutte le attivit\u00e0 realizzate dall&#8217;UTENTE, sono esclusivamente di sua responsibilit\u00e0, senza che si possa responsabilizzare l&#8217;AZIENDA\u00a0dei danni o opinioni tendenziose che potrebbero derivare da tali attivit\u00e0 altrui alla sua volont\u00e0 e senza che questa abbia consapevolezza effettiva delle stesse.<\/p>\n<p>&nbsp;<\/p>\n<h2>4\u00a0Responsabilit\u00e0 dell&#8217;azienda<\/h2>\n<p>L&#8217;AZIENDA\u00a0non sar\u00e0 responsabile degli errori nell&#8217;accesso al SITO WEB o nei suoi contenuti, anche se metter\u00e0 il maggior impegno affinch\u00e8 ci\u00f2 non si produca.<\/p>\n<p>L&#8217;AZIENDA si riserva il diritto di sospendere temporaneamente, e senza necessit\u00e0 di avviso previo, l&#8217;accessibilit\u00e0 al SITO WEB per eventuali\u00a0operazioni di mantenimento, riparazioni, aggiornamenti o miglioramento dello stesso sito.<\/p>\n<p>&nbsp;<\/p>\n<h2>5\u00a0Collegamenti ipertestuali<\/h2>\n<p>La creazione\u00a0di qualsiasi collegamento iperstuale da una pagine web altrui, a qualsiasi delle pagine del SITO WEB dell&#8217;AZIENDA\u00a0sar\u00e0 sottoposto alle\u00a0seguenti condizioni:<\/p>\n<ul>\n<li>Non si permette la riproduzione totale o parziale dei servizi contenuti nel SITO WEB dell&#8217;AZIENDA.<\/li>\n<li>Non si includer\u00e0 nessuna manifestazione falsa, inesatta o incorretta sulla pagina del SITO WEB dell&#8217;AZIENDA e dei suoi servizi.<\/li>\n<li>In nessun caso, l&#8217;AZIENDA sar\u00e0 responsable dei contenuti, informazioni, manifestazioni, opinioni o servizi messi a disposizione del pubblico nella pagina web dalla quale si stabilisca un collegamento ipertestuale al presente SITO WEB.<\/li>\n<li>Qualsiasi collegamento ipertestuale si effettuer\u00e0 alla pagina principale del SITO WEB.<\/li>\n<\/ul>\n<p>I \u00a0collegamenti che si trovano nel SITO WEB sono stati precedentemente consultati con i titolari delle pagine web collegate. L&#8217;AZIENDA non sar\u00e0 responsabile del cattivo uso delle attivit\u00e0 contrarie alla legge, alla morale o all&#8217;ordine pubblico che realizzano gli utenti nelle dette pagine collegate.<\/p>\n<h2>6\u00a0Validit\u00e0 delle condizioni d&#8217;uso<\/h2>\n<p>Le condizioni d&#8217;uso di queso SITO WEB hanno carattere indefinito. L&#8217;AZIENDA\u00a0si reserva in tutti i casi il diritto unilaterale di modificare le condizioni di accesso alle stesse, cos\u00ed come il suo contenuto.<\/p>\n<h2>7 Nullit\u00e0 e inefficacia delle Clausole<\/h2>\n<p>Se qualsiasi clausola inclusa in queste condizioni fosse dichiarata totalmente o parzialmente nulla o inefficace, tale nullit\u00e0 influirebbe solo questa disposizione o la parte della stessa che risulti nulla o inefficace, sussistendo completamente le altre condizioni.<\/p>\n<h2>8 Legislazione e leggi applicabili Legislaci\u00f3n y jurisdicci\u00f3n aplicables<\/h2>\n<p>La prestaciones del servizio di queso SITO WEB \u00a0e le present\u00ed condizioni d&#8217;uso si reggono per la Legge spagnola. Sar\u00e1 applicabile la giurisdizione competente nel domicilio del consumatore.<\/p>\n","protected":false},"excerpt":{"rendered":"<p>Avviso legale 1 Informazioni legali http:\/\/www.grupoandres.com (di seguito, il SITIO WEB) \u00e8 un dominio registrato da NEUMATICOS ANDRES S.A.U. Societ\u00e0 iscritta nel Registro delle Imprese\u00a0di Salamanca, foglio n\u00ba SA-116010. C.I.F.: A-84593722. (di seguito, L&#8217;AZIENDA) CIF: A-84593722. SEDE LEGALE: Crta Vitigudino km 0.5 (C-517) Centro de transportes 37008 Salamanca Spagna TELEFONO:\u00a00034 902 19 32 48. E-MAIL:\u00a0info@grupoandres.com &hellip; <a href=\"https:\/\/www.grupoandres.com\/it\/avviso-legale\/\" class=\"more-link\">Continue reading <span class=\"screen-reader-text\">Avviso Legale<\/span> <span class=\"meta-nav\">&rarr;<\/span><\/a><\/p>\n","protected":false},"author":1,"featured_media":0,"parent":0,"menu_order":0,"comment_status":"closed","ping_status":"closed","template":"page-generica-texto.php","meta":{"_acf_changed":false,"footnotes":""},"class_list":["post-3292","page","type-page","status-publish","hentry"],"acf":[],"yoast_head":"<!-- This site is optimized with the Yoast SEO plugin v27.3 - https:\/\/yoast.com\/product\/yoast-seo-wordpress\/ -->\n<title>Avviso Legale | Grupo Andr\u00e9s Neum\u00e1ticos<\/title>\n<meta name=\"description\" content=\"grupoandres.com \u00e8 un dominio registrato da NEUMATICOS ANDRES S.A.U. Societ\u00e0 registrata nel Registro Mercantile di Salamanca.\" \/>\n<meta name=\"robots\" content=\"noindex, nofollow\" \/>\n<meta property=\"og:locale\" content=\"it_IT\" \/>\n<meta property=\"og:type\" content=\"article\" \/>\n<meta property=\"og:title\" content=\"Avviso Legale | Grupo Andr\u00e9s Neum\u00e1ticos\" \/>\n<meta property=\"og:description\" content=\"grupoandres.com \u00e8 un dominio registrato da NEUMATICOS ANDRES S.A.U. Societ\u00e0 registrata nel Registro Mercantile di Salamanca.\" \/>\n<meta property=\"og:url\" content=\"https:\/\/www.grupoandres.com\/it\/avviso-legale\/\" \/>\n<meta property=\"og:site_name\" content=\"Grupo Andr\u00e9s Tyres\" \/>\n<meta property=\"article:modified_time\" content=\"2019-08-27T07:49:17+00:00\" \/>\n<meta name=\"twitter:card\" content=\"summary_large_image\" \/>\n<meta name=\"twitter:label1\" content=\"Tempo di lettura stimato\" \/>\n\t<meta name=\"twitter:data1\" content=\"2 minuti\" \/>\n<script type=\"application\/ld+json\" class=\"yoast-schema-graph\">{\"@context\":\"https:\\\/\\\/schema.org\",\"@graph\":[{\"@type\":\"WebPage\",\"@id\":\"https:\\\/\\\/www.grupoandres.com\\\/it\\\/avviso-legale\\\/\",\"url\":\"https:\\\/\\\/www.grupoandres.com\\\/it\\\/avviso-legale\\\/\",\"name\":\"Avviso Legale | Grupo Andr\u00e9s Neum\u00e1ticos\",\"isPartOf\":{\"@id\":\"https:\\\/\\\/www.grupoandres.com\\\/#website\"},\"datePublished\":\"2015-11-30T15:16:20+00:00\",\"dateModified\":\"2019-08-27T07:49:17+00:00\",\"description\":\"grupoandres.com \u00e8 un dominio registrato da NEUMATICOS ANDRES S.A.U. Societ\u00e0 registrata nel Registro Mercantile di Salamanca.\",\"breadcrumb\":{\"@id\":\"https:\\\/\\\/www.grupoandres.com\\\/it\\\/avviso-legale\\\/#breadcrumb\"},\"inLanguage\":\"it-IT\",\"potentialAction\":[{\"@type\":\"ReadAction\",\"target\":[\"https:\\\/\\\/www.grupoandres.com\\\/it\\\/avviso-legale\\\/\"]}]},{\"@type\":\"BreadcrumbList\",\"@id\":\"https:\\\/\\\/www.grupoandres.com\\\/it\\\/avviso-legale\\\/#breadcrumb\",\"itemListElement\":[{\"@type\":\"ListItem\",\"position\":1,\"name\":\"Portada\",\"item\":\"https:\\\/\\\/www.grupoandres.com\\\/it\\\/\"},{\"@type\":\"ListItem\",\"position\":2,\"name\":\"Avviso Legale\"}]},{\"@type\":\"WebSite\",\"@id\":\"https:\\\/\\\/www.grupoandres.com\\\/#website\",\"url\":\"https:\\\/\\\/www.grupoandres.com\\\/\",\"name\":\"Grupo Andr\u00e9s Tyres\",\"description\":\"Tyres distributor  for workshops and proffesional.Stock 500,000 tires  of  70 brands. Exclusive distributors of brands as Nankang , Matador, General Tire and more.\",\"potentialAction\":[{\"@type\":\"SearchAction\",\"target\":{\"@type\":\"EntryPoint\",\"urlTemplate\":\"https:\\\/\\\/www.grupoandres.com\\\/?s={search_term_string}\"},\"query-input\":{\"@type\":\"PropertyValueSpecification\",\"valueRequired\":true,\"valueName\":\"search_term_string\"}}],\"inLanguage\":\"it-IT\"}]}<\/script>\n<!-- \/ Yoast SEO plugin. -->","yoast_head_json":{"title":"Avviso Legale | Grupo Andr\u00e9s Neum\u00e1ticos","description":"grupoandres.com \u00e8 un dominio registrato da NEUMATICOS ANDRES S.A.U. Societ\u00e0 registrata nel Registro Mercantile di Salamanca.","robots":{"index":"noindex","follow":"nofollow"},"og_locale":"it_IT","og_type":"article","og_title":"Avviso Legale | Grupo Andr\u00e9s Neum\u00e1ticos","og_description":"grupoandres.com \u00e8 un dominio registrato da NEUMATICOS ANDRES S.A.U. Societ\u00e0 registrata nel Registro Mercantile di Salamanca.","og_url":"https:\/\/www.grupoandres.com\/it\/avviso-legale\/","og_site_name":"Grupo Andr\u00e9s Tyres","article_modified_time":"2019-08-27T07:49:17+00:00","twitter_card":"summary_large_image","twitter_misc":{"Tempo di lettura stimato":"2 minuti"},"schema":{"@context":"https:\/\/schema.org","@graph":[{"@type":"WebPage","@id":"https:\/\/www.grupoandres.com\/it\/avviso-legale\/","url":"https:\/\/www.grupoandres.com\/it\/avviso-legale\/","name":"Avviso Legale | Grupo Andr\u00e9s Neum\u00e1ticos","isPartOf":{"@id":"https:\/\/www.grupoandres.com\/#website"},"datePublished":"2015-11-30T15:16:20+00:00","dateModified":"2019-08-27T07:49:17+00:00","description":"grupoandres.com \u00e8 un dominio registrato da NEUMATICOS ANDRES S.A.U. Societ\u00e0 registrata nel Registro Mercantile di Salamanca.","breadcrumb":{"@id":"https:\/\/www.grupoandres.com\/it\/avviso-legale\/#breadcrumb"},"inLanguage":"it-IT","potentialAction":[{"@type":"ReadAction","target":["https:\/\/www.grupoandres.com\/it\/avviso-legale\/"]}]},{"@type":"BreadcrumbList","@id":"https:\/\/www.grupoandres.com\/it\/avviso-legale\/#breadcrumb","itemListElement":[{"@type":"ListItem","position":1,"name":"Portada","item":"https:\/\/www.grupoandres.com\/it\/"},{"@type":"ListItem","position":2,"name":"Avviso Legale"}]},{"@type":"WebSite","@id":"https:\/\/www.grupoandres.com\/#website","url":"https:\/\/www.grupoandres.com\/","name":"Grupo Andr\u00e9s Tyres","description":"Tyres distributor  for workshops and proffesional.Stock 500,000 tires  of  70 brands. Exclusive distributors of brands as Nankang , Matador, General Tire and more.","potentialAction":[{"@type":"SearchAction","target":{"@type":"EntryPoint","urlTemplate":"https:\/\/www.grupoandres.com\/?s={search_term_string}"},"query-input":{"@type":"PropertyValueSpecification","valueRequired":true,"valueName":"search_term_string"}}],"inLanguage":"it-IT"}]}},"_links":{"self":[{"href":"https:\/\/www.grupoandres.com\/it\/wp-json\/wp\/v2\/pages\/3292","targetHints":{"allow":["GET"]}}],"collection":[{"href":"https:\/\/www.grupoandres.com\/it\/wp-json\/wp\/v2\/pages"}],"about":[{"href":"https:\/\/www.grupoandres.com\/it\/wp-json\/wp\/v2\/types\/page"}],"author":[{"embeddable":true,"href":"https:\/\/www.grupoandres.com\/it\/wp-json\/wp\/v2\/users\/1"}],"replies":[{"embeddable":true,"href":"https:\/\/www.grupoandres.com\/it\/wp-json\/wp\/v2\/comments?post=3292"}],"version-history":[{"count":8,"href":"https:\/\/www.grupoandres.com\/it\/wp-json\/wp\/v2\/pages\/3292\/revisions"}],"predecessor-version":[{"id":4196,"href":"https:\/\/www.grupoandres.com\/it\/wp-json\/wp\/v2\/pages\/3292\/revisions\/4196"}],"wp:attachment":[{"href":"https:\/\/www.grupoandres.com\/it\/wp-json\/wp\/v2\/media?parent=3292"}],"curies":[{"name":"wp","href":"https:\/\/api.w.org\/{rel}","templated":true}]}}