{"id":938,"date":"2015-11-30T17:16:20","date_gmt":"2015-11-30T17:16:20","guid":{"rendered":"http:\/\/www.grupoandres.com\/fr\/aviso-legal\/"},"modified":"2019-08-27T08:48:22","modified_gmt":"2019-08-27T07:48:22","slug":"mentions-legales","status":"publish","type":"page","link":"https:\/\/www.grupoandres.com\/fr\/mentions-legales\/","title":{"rendered":"Avis l\u00e9gal"},"content":{"rendered":"<h1>Aviso legal<\/h1>\n<h2>1 Informaci\u00f3n legal<\/h2>\n<p>http:\/\/www.grupoandres.com (en adelante, el SITIO WEB) es un dominio registrado por NEUMATICOS ANDRES <a href=\"http:\/\/s.au\/\" target=\"_blank\" rel=\"noopener noreferrer\">S.A.U<\/a>. Sociedad inscrita en el Registro Mercantil de Salamanca, hoja n\u00ba SA-116010. C.I.F.: A-84593722. (en adelante, LA EMPRESA)<\/p>\n<p><strong>CIF:<\/strong> A-84593722B85509552.<br \/>\n<strong>DOMICILIO SOCIAL:<\/strong> Crta Vitigudino km 0.5 (C-517)<br \/>\nCentro de transportes<br \/>\n37008 Salamanca<br \/>\nEspa\u00f1a<br \/>\n<strong>TEL\u00c9FONO:<\/strong>\u00a0902 19 32 48.<br \/>\n<strong>CORREO ELECTR\u00d3NICO:<\/strong>\u00a0info@grupoandres.com<\/p>\n<h2>2 Car\u00e1cter de los servicios<\/h2>\n<p>El acceso al SITIO WEB es, en principio, de car\u00e1cter gratuito, sin perjuicio de que la contrataci\u00f3n de los productos o servicios a trav\u00e9s del SITIO WEB est\u00e9 sujeta a una contraprestaci\u00f3n econ\u00f3mica.<\/p>\n<h2>3 Responsabilidad del usuario<\/h2>\n<p>El USUARIO se compromete a no utilizar el SITIO WEB ni la informaci\u00f3n ofrecida en el mismo para la realizaci\u00f3n de actividades contrarias a la Ley, la moral o el orden p\u00fablico y, en general, a hacer un uso conforme a las condiciones establecidas por LA EMPRESA.<\/p>\n<p>Las opiniones, contenidos y, en general, todas las actividades realizadas por el USUARIO, son de su exclusiva responsabilidad, sin que pueda responsabilizarse a LA EMPRESA de los da\u00f1os o perjuicios que pudieran derivarse de dichas actividades ajenas a su voluntad y sin que \u00e9sta tenga un conocimiento efectivo de las mismas.<\/p>\n<h2>4 Responsabilidad de la empresa<\/h2>\n<p>LA EMPRESA no ser\u00e1 responsable de los errores en el acceso al SITIO WEB o en sus contenidos, aunque pondr\u00e1 la mayor diligencia en que los mismos no se produzcan.<\/p>\n<p>LA EMPRESA se reserva el derecho de suspender temporalmente, y sin necesidad de previo aviso, la accesibilidad del SITIO WEB con motivo de una eventual necesidad de efectuar operaciones de mantenimiento, reparaci\u00f3n, actualizaci\u00f3n o mejora del mismo.<\/p>\n<h2>5 Hiperenlaces<\/h2>\n<p>El establecimiento de cualquier hiperenlace desde una pagina web ajena, a cualquiera de las p\u00e1ginas del SITIO WEB de LA EMPRESA estar\u00e1 sometido a las siguientes condiciones:<\/p>\n<ul>\n<li>No se permite la reproducci\u00f3n ni total ni parcial de ninguno de los servicios contenidos en el SITIO WEB de LA EMPRESA.<\/li>\n<li>No se incluir\u00e1 ninguna manifestaci\u00f3n falsa, inexacta o incorrecta sobre las p\u00e1ginas del SITIO WEB de LA EMPRESA y sus servicios.<\/li>\n<li>Bajo ninguna circunstancia, LA EMPRESA ser\u00e1 responsable de los contenidos, informaciones, manifestaciones, opiniones o servicios puestos a disposici\u00f3n del p\u00fablico en la p\u00e1gina web desde la que se establezca un hiperenlace al presente SITIO WEB.<\/li>\n<li>Cualquier hiperenlace se efectuar\u00e1 a la p\u00e1gina principal del SITIO WEB.<\/li>\n<\/ul>\n<p>Los hiperenlaces que se encuentran en el SITIO WEB han sido previamente consensuados con los titulares de las p\u00e1ginas webs enlazadas. LA EMPRESA no ser\u00e1 responsable del mal uso ni de las actividades contrarias a la ley, la moral o el orden p\u00fablico que realicen los usuarios en dichas p\u00e1ginas enlazadas.<\/p>\n<h2>6 Vigencia de las condiciones de uso<\/h2>\n<p>Las condiciones de uso de este SITIO WEB tienen car\u00e1cter indefinido. LA EMPRESA se reserva en todo caso el derecho unilateral de modificar las condiciones de acceso a las mismas, as\u00ed como su contenido.<\/p>\n<h2>7 Nulidad e ineficacia de las Cla\u00fasulas<\/h2>\n<p>Si cualquier cl\u00e1usula incluida en estas condiciones fuese declarada total o parcialmente nula o ineficaz, tal nulidad afectar\u00e1 tan s\u00f3lo a dicha disposici\u00f3n o la parte de la misma que resulte nula o ineficaz, subsistiendo en todo lo dem\u00e1s las condiciones.<\/p>\n<h2>8 Legislaci\u00f3n y jurisdicci\u00f3n aplicables<\/h2>\n<p>La prestaci\u00f3n del servicio de este SITIO WEB y las presentes condiciones de uso se rigen por la Ley espa\u00f1ola. Ser\u00e1 aplicable la jurisdicci\u00f3n competente en el domicilio del consumidor.<\/p>\n","protected":false},"excerpt":{"rendered":"<p>Aviso legal 1 Informaci\u00f3n legal http:\/\/www.grupoandres.com (en adelante, el SITIO WEB) es un dominio registrado por NEUMATICOS ANDRES S.A.U. Sociedad inscrita en el Registro Mercantil de Salamanca, hoja n\u00ba SA-116010. C.I.F.: A-84593722. (en adelante, LA EMPRESA) CIF: A-84593722B85509552. DOMICILIO SOCIAL: Crta Vitigudino km 0.5 (C-517) Centro de transportes 37008 Salamanca Espa\u00f1a TEL\u00c9FONO:\u00a0902 19 32 48. &hellip; <a href=\"https:\/\/www.grupoandres.com\/fr\/mentions-legales\/\" class=\"more-link\">Continue reading <span class=\"screen-reader-text\">Avis l\u00e9gal<\/span> <span class=\"meta-nav\">&rarr;<\/span><\/a><\/p>\n","protected":false},"author":1,"featured_media":0,"parent":0,"menu_order":0,"comment_status":"closed","ping_status":"closed","template":"page-generica-texto.php","meta":{"_acf_changed":false,"footnotes":""},"class_list":["post-938","page","type-page","status-publish","hentry"],"acf":[],"yoast_head":"<!-- This site is optimized with the Yoast SEO plugin v27.3 - https:\/\/yoast.com\/product\/yoast-seo-wordpress\/ -->\n<title>Avis L\u00e9gal | Grupo Andr\u00e9s Neum\u00e1ticos<\/title>\n<meta name=\"description\" content=\"Avis L\u00e9gal de Grupo Andr\u00e9s. NEUMATICOS ANDRES S.A.U. Soci\u00e9t\u00e9 inscrite au Registre des soci\u00e9t\u00e9s de Salamanque, feuille n\u00ba SA-116010. C.I.F.: A-84593722.\u00a0\" \/>\n<meta name=\"robots\" content=\"noindex, nofollow\" \/>\n<meta property=\"og:locale\" content=\"fr_FR\" \/>\n<meta property=\"og:type\" content=\"article\" \/>\n<meta property=\"og:title\" content=\"Avis L\u00e9gal | Grupo Andr\u00e9s Neum\u00e1ticos\" \/>\n<meta property=\"og:description\" content=\"Avis L\u00e9gal de Grupo Andr\u00e9s. NEUMATICOS ANDRES S.A.U. Soci\u00e9t\u00e9 inscrite au Registre des soci\u00e9t\u00e9s de Salamanque, feuille n\u00ba SA-116010. C.I.F.: A-84593722.\u00a0\" \/>\n<meta property=\"og:url\" content=\"https:\/\/www.grupoandres.com\/fr\/mentions-legales\/\" \/>\n<meta property=\"og:site_name\" content=\"Grupo Andr\u00e9s Tyres\" \/>\n<meta property=\"article:modified_time\" content=\"2019-08-27T07:48:22+00:00\" \/>\n<meta name=\"twitter:card\" content=\"summary_large_image\" \/>\n<meta name=\"twitter:label1\" content=\"Dur\u00e9e de lecture estim\u00e9e\" \/>\n\t<meta name=\"twitter:data1\" content=\"3 minutes\" \/>\n<script type=\"application\/ld+json\" class=\"yoast-schema-graph\">{\"@context\":\"https:\\\/\\\/schema.org\",\"@graph\":[{\"@type\":\"WebPage\",\"@id\":\"https:\\\/\\\/www.grupoandres.com\\\/fr\\\/mentions-legales\\\/\",\"url\":\"https:\\\/\\\/www.grupoandres.com\\\/fr\\\/mentions-legales\\\/\",\"name\":\"Avis L\u00e9gal | Grupo Andr\u00e9s Neum\u00e1ticos\",\"isPartOf\":{\"@id\":\"https:\\\/\\\/www.grupoandres.com\\\/#website\"},\"datePublished\":\"2015-11-30T17:16:20+00:00\",\"dateModified\":\"2019-08-27T07:48:22+00:00\",\"description\":\"Avis L\u00e9gal de Grupo Andr\u00e9s. NEUMATICOS ANDRES S.A.U. Soci\u00e9t\u00e9 inscrite au Registre des soci\u00e9t\u00e9s de Salamanque, feuille n\u00ba SA-116010. C.I.F.: A-84593722.\u00a0\",\"breadcrumb\":{\"@id\":\"https:\\\/\\\/www.grupoandres.com\\\/fr\\\/mentions-legales\\\/#breadcrumb\"},\"inLanguage\":\"fr-FR\",\"potentialAction\":[{\"@type\":\"ReadAction\",\"target\":[\"https:\\\/\\\/www.grupoandres.com\\\/fr\\\/mentions-legales\\\/\"]}]},{\"@type\":\"BreadcrumbList\",\"@id\":\"https:\\\/\\\/www.grupoandres.com\\\/fr\\\/mentions-legales\\\/#breadcrumb\",\"itemListElement\":[{\"@type\":\"ListItem\",\"position\":1,\"name\":\"Portada\",\"item\":\"https:\\\/\\\/www.grupoandres.com\\\/fr\\\/\"},{\"@type\":\"ListItem\",\"position\":2,\"name\":\"Avis l\u00e9gal\"}]},{\"@type\":\"WebSite\",\"@id\":\"https:\\\/\\\/www.grupoandres.com\\\/#website\",\"url\":\"https:\\\/\\\/www.grupoandres.com\\\/\",\"name\":\"Grupo Andr\u00e9s Tyres\",\"description\":\"Tyres distributor  for workshops and proffesional.Stock 500,000 tires  of  70 brands. Exclusive distributors of brands as Nankang , Matador, General Tire and more.\",\"potentialAction\":[{\"@type\":\"SearchAction\",\"target\":{\"@type\":\"EntryPoint\",\"urlTemplate\":\"https:\\\/\\\/www.grupoandres.com\\\/?s={search_term_string}\"},\"query-input\":{\"@type\":\"PropertyValueSpecification\",\"valueRequired\":true,\"valueName\":\"search_term_string\"}}],\"inLanguage\":\"fr-FR\"}]}<\/script>\n<!-- \/ Yoast SEO plugin. -->","yoast_head_json":{"title":"Avis L\u00e9gal | Grupo Andr\u00e9s Neum\u00e1ticos","description":"Avis L\u00e9gal de Grupo Andr\u00e9s. NEUMATICOS ANDRES S.A.U. Soci\u00e9t\u00e9 inscrite au Registre des soci\u00e9t\u00e9s de Salamanque, feuille n\u00ba SA-116010. C.I.F.: A-84593722.\u00a0","robots":{"index":"noindex","follow":"nofollow"},"og_locale":"fr_FR","og_type":"article","og_title":"Avis L\u00e9gal | Grupo Andr\u00e9s Neum\u00e1ticos","og_description":"Avis L\u00e9gal de Grupo Andr\u00e9s. NEUMATICOS ANDRES S.A.U. Soci\u00e9t\u00e9 inscrite au Registre des soci\u00e9t\u00e9s de Salamanque, feuille n\u00ba SA-116010. C.I.F.: A-84593722.\u00a0","og_url":"https:\/\/www.grupoandres.com\/fr\/mentions-legales\/","og_site_name":"Grupo Andr\u00e9s Tyres","article_modified_time":"2019-08-27T07:48:22+00:00","twitter_card":"summary_large_image","twitter_misc":{"Dur\u00e9e de lecture estim\u00e9e":"3 minutes"},"schema":{"@context":"https:\/\/schema.org","@graph":[{"@type":"WebPage","@id":"https:\/\/www.grupoandres.com\/fr\/mentions-legales\/","url":"https:\/\/www.grupoandres.com\/fr\/mentions-legales\/","name":"Avis L\u00e9gal | Grupo Andr\u00e9s Neum\u00e1ticos","isPartOf":{"@id":"https:\/\/www.grupoandres.com\/#website"},"datePublished":"2015-11-30T17:16:20+00:00","dateModified":"2019-08-27T07:48:22+00:00","description":"Avis L\u00e9gal de Grupo Andr\u00e9s. NEUMATICOS ANDRES S.A.U. Soci\u00e9t\u00e9 inscrite au Registre des soci\u00e9t\u00e9s de Salamanque, feuille n\u00ba SA-116010. C.I.F.: A-84593722.\u00a0","breadcrumb":{"@id":"https:\/\/www.grupoandres.com\/fr\/mentions-legales\/#breadcrumb"},"inLanguage":"fr-FR","potentialAction":[{"@type":"ReadAction","target":["https:\/\/www.grupoandres.com\/fr\/mentions-legales\/"]}]},{"@type":"BreadcrumbList","@id":"https:\/\/www.grupoandres.com\/fr\/mentions-legales\/#breadcrumb","itemListElement":[{"@type":"ListItem","position":1,"name":"Portada","item":"https:\/\/www.grupoandres.com\/fr\/"},{"@type":"ListItem","position":2,"name":"Avis l\u00e9gal"}]},{"@type":"WebSite","@id":"https:\/\/www.grupoandres.com\/#website","url":"https:\/\/www.grupoandres.com\/","name":"Grupo Andr\u00e9s Tyres","description":"Tyres distributor  for workshops and proffesional.Stock 500,000 tires  of  70 brands. Exclusive distributors of brands as Nankang , Matador, General Tire and more.","potentialAction":[{"@type":"SearchAction","target":{"@type":"EntryPoint","urlTemplate":"https:\/\/www.grupoandres.com\/?s={search_term_string}"},"query-input":{"@type":"PropertyValueSpecification","valueRequired":true,"valueName":"search_term_string"}}],"inLanguage":"fr-FR"}]}},"_links":{"self":[{"href":"https:\/\/www.grupoandres.com\/fr\/wp-json\/wp\/v2\/pages\/938","targetHints":{"allow":["GET"]}}],"collection":[{"href":"https:\/\/www.grupoandres.com\/fr\/wp-json\/wp\/v2\/pages"}],"about":[{"href":"https:\/\/www.grupoandres.com\/fr\/wp-json\/wp\/v2\/types\/page"}],"author":[{"embeddable":true,"href":"https:\/\/www.grupoandres.com\/fr\/wp-json\/wp\/v2\/users\/1"}],"replies":[{"embeddable":true,"href":"https:\/\/www.grupoandres.com\/fr\/wp-json\/wp\/v2\/comments?post=938"}],"version-history":[{"count":5,"href":"https:\/\/www.grupoandres.com\/fr\/wp-json\/wp\/v2\/pages\/938\/revisions"}],"predecessor-version":[{"id":8449,"href":"https:\/\/www.grupoandres.com\/fr\/wp-json\/wp\/v2\/pages\/938\/revisions\/8449"}],"wp:attachment":[{"href":"https:\/\/www.grupoandres.com\/fr\/wp-json\/wp\/v2\/media?parent=938"}],"curies":[{"name":"wp","href":"https:\/\/api.w.org\/{rel}","templated":true}]}}