{"id":26264,"date":"2026-01-23T14:47:27","date_gmt":"2026-01-23T13:47:27","guid":{"rendered":"https:\/\/www.grupoandres.com\/pneus\/hankook-tire\/"},"modified":"2026-01-28T15:57:20","modified_gmt":"2026-01-28T14:57:20","slug":"hankook-tire","status":"publish","type":"page","link":"https:\/\/www.grupoandres.com\/fr\/pneus\/hankook-tire\/","title":{"rendered":"Hankook"},"content":{"rendered":"<p><strong>Hankook Tire<\/strong> est une marque d\u2019origine <strong>sud-cor\u00e9enne<\/strong>, fond\u00e9e en <strong>1941 \u00e0 S\u00e9oul<\/strong>, aujourd\u2019hui reconnue comme l\u2019un des fabricants de pneumatiques \u00e0 la plus forte projection internationale. Sa progression a \u00e9t\u00e9 continue : d\u2019un <strong>pionnier local \u00e0 un acteur mondial<\/strong>, pr\u00e9sent dans plus de 160 pays et produisant plus de 100 millions d\u2019unit\u00e9s par an. Ce d\u00e9veloppement repose sur trois piliers strat\u00e9giques : un r\u00e9seau de fabrication et de distribution tr\u00e8s comp\u00e9titif, l\u2019innovation technologique et une ing\u00e9nierie de haute pr\u00e9cision. Les succ\u00e8s de Hankook Tire confirment son positionnement en tant que <strong>marque <em>premium<\/em><\/strong>. En t\u00e9moignent ses <strong>nouveaux montes d\u2019origine sur v\u00e9hicules \u00e9lectriques<\/strong> et hautes performances. Parmi les derni\u00e8res actualit\u00e9s, citons les accords r\u00e9cents avec Volkswagen et BMW. La marque d\u00e9veloppe son activit\u00e9 de premi\u00e8re monte dans le secteur de l\u2019\u00e9lectromobilit\u00e9.<\/p>\n","protected":false},"excerpt":{"rendered":"<p>Hankook Tire est une marque d\u2019origine sud-cor\u00e9enne, fond\u00e9e en 1941 \u00e0 S\u00e9oul, aujourd\u2019hui reconnue comme l\u2019un des fabricants de pneumatiques \u00e0 la plus forte projection internationale. Sa progression a \u00e9t\u00e9 continue : d\u2019un pionnier local \u00e0 un acteur mondial, pr\u00e9sent dans plus de 160 pays et produisant plus de 100 millions d\u2019unit\u00e9s par an. Ce &hellip; <a href=\"https:\/\/www.grupoandres.com\/fr\/pneus\/hankook-tire\/\" class=\"more-link\">Continue reading <span class=\"screen-reader-text\">Hankook<\/span> <span class=\"meta-nav\">&rarr;<\/span><\/a><\/p>\n","protected":false},"author":1,"featured_media":0,"parent":1249,"menu_order":0,"comment_status":"closed","ping_status":"closed","template":"page-marcas.php","meta":{"_acf_changed":false,"footnotes":""},"class_list":["post-26264","page","type-page","status-publish","hentry"],"acf":[],"yoast_head":"<!-- This site is optimized with the Yoast SEO plugin v27.3 - https:\/\/yoast.com\/product\/yoast-seo-wordpress\/ -->\n<title>Pneus Hankook - Des pneus pour tous types de v\u00e9hicules<\/title>\n<meta name=\"description\" content=\"D\u00e9couvrez Hankook Tire : une marque leader du pneumatique premium, avec garantie de qualit\u00e9, forte investment en R&amp;D et pr\u00e9sence internationale dans 160 pays.\" \/>\n<meta name=\"robots\" content=\"index, follow, max-snippet:-1, max-image-preview:large, max-video-preview:-1\" \/>\n<link rel=\"canonical\" href=\"https:\/\/www.grupoandres.com\/fr\/pneus\/hankook-tire\/\" \/>\n<meta property=\"og:locale\" content=\"fr_FR\" \/>\n<meta property=\"og:type\" content=\"article\" \/>\n<meta property=\"og:title\" content=\"Pneus Hankook - Des pneus pour tous types de v\u00e9hicules\" \/>\n<meta property=\"og:description\" content=\"D\u00e9couvrez Hankook Tire : une marque leader du pneumatique premium, avec garantie de qualit\u00e9, forte investment en R&amp;D et pr\u00e9sence internationale dans 160 pays.\" \/>\n<meta property=\"og:url\" content=\"https:\/\/www.grupoandres.com\/fr\/pneus\/hankook-tire\/\" \/>\n<meta property=\"og:site_name\" content=\"Grupo Andr\u00e9s Tyres\" \/>\n<meta property=\"article:modified_time\" content=\"2026-01-28T14:57:20+00:00\" \/>\n<meta name=\"twitter:card\" content=\"summary_large_image\" \/>\n<meta name=\"twitter:label1\" content=\"Dur\u00e9e de lecture estim\u00e9e\" \/>\n\t<meta name=\"twitter:data1\" content=\"1 minute\" \/>\n<script type=\"application\/ld+json\" class=\"yoast-schema-graph\">{\"@context\":\"https:\\\/\\\/schema.org\",\"@graph\":[{\"@type\":\"WebPage\",\"@id\":\"https:\\\/\\\/www.grupoandres.com\\\/fr\\\/pneus\\\/hankook-tire\\\/\",\"url\":\"https:\\\/\\\/www.grupoandres.com\\\/fr\\\/pneus\\\/hankook-tire\\\/\",\"name\":\"Pneus Hankook - Des pneus pour tous types de v\u00e9hicules\",\"isPartOf\":{\"@id\":\"https:\\\/\\\/www.grupoandres.com\\\/#website\"},\"datePublished\":\"2026-01-23T13:47:27+00:00\",\"dateModified\":\"2026-01-28T14:57:20+00:00\",\"description\":\"D\u00e9couvrez Hankook Tire : une marque leader du pneumatique premium, avec garantie de qualit\u00e9, forte investment en R&amp;D et pr\u00e9sence internationale dans 160 pays.\",\"breadcrumb\":{\"@id\":\"https:\\\/\\\/www.grupoandres.com\\\/fr\\\/pneus\\\/hankook-tire\\\/#breadcrumb\"},\"inLanguage\":\"fr-FR\",\"potentialAction\":[{\"@type\":\"ReadAction\",\"target\":[\"https:\\\/\\\/www.grupoandres.com\\\/fr\\\/pneus\\\/hankook-tire\\\/\"]}]},{\"@type\":\"BreadcrumbList\",\"@id\":\"https:\\\/\\\/www.grupoandres.com\\\/fr\\\/pneus\\\/hankook-tire\\\/#breadcrumb\",\"itemListElement\":[{\"@type\":\"ListItem\",\"position\":1,\"name\":\"Portada\",\"item\":\"https:\\\/\\\/www.grupoandres.com\\\/fr\\\/\"},{\"@type\":\"ListItem\",\"position\":2,\"name\":\"Pneus\",\"item\":\"https:\\\/\\\/www.grupoandres.com\\\/fr\\\/pneus\\\/\"},{\"@type\":\"ListItem\",\"position\":3,\"name\":\"Hankook\"}]},{\"@type\":\"WebSite\",\"@id\":\"https:\\\/\\\/www.grupoandres.com\\\/#website\",\"url\":\"https:\\\/\\\/www.grupoandres.com\\\/\",\"name\":\"Grupo Andr\u00e9s Tyres\",\"description\":\"Tyres distributor  for workshops and proffesional.Stock 500,000 tires  of  70 brands. Exclusive distributors of brands as Nankang , Matador, General Tire and more.\",\"potentialAction\":[{\"@type\":\"SearchAction\",\"target\":{\"@type\":\"EntryPoint\",\"urlTemplate\":\"https:\\\/\\\/www.grupoandres.com\\\/?s={search_term_string}\"},\"query-input\":{\"@type\":\"PropertyValueSpecification\",\"valueRequired\":true,\"valueName\":\"search_term_string\"}}],\"inLanguage\":\"fr-FR\"}]}<\/script>\n<!-- \/ Yoast SEO plugin. -->","yoast_head_json":{"title":"Pneus Hankook - Des pneus pour tous types de v\u00e9hicules","description":"D\u00e9couvrez Hankook Tire : une marque leader du pneumatique premium, avec garantie de qualit\u00e9, forte investment en R&amp;D et pr\u00e9sence internationale dans 160 pays.","robots":{"index":"index","follow":"follow","max-snippet":"max-snippet:-1","max-image-preview":"max-image-preview:large","max-video-preview":"max-video-preview:-1"},"canonical":"https:\/\/www.grupoandres.com\/fr\/pneus\/hankook-tire\/","og_locale":"fr_FR","og_type":"article","og_title":"Pneus Hankook - Des pneus pour tous types de v\u00e9hicules","og_description":"D\u00e9couvrez Hankook Tire : une marque leader du pneumatique premium, avec garantie de qualit\u00e9, forte investment en R&amp;D et pr\u00e9sence internationale dans 160 pays.","og_url":"https:\/\/www.grupoandres.com\/fr\/pneus\/hankook-tire\/","og_site_name":"Grupo Andr\u00e9s Tyres","article_modified_time":"2026-01-28T14:57:20+00:00","twitter_card":"summary_large_image","twitter_misc":{"Dur\u00e9e de lecture estim\u00e9e":"1 minute"},"schema":{"@context":"https:\/\/schema.org","@graph":[{"@type":"WebPage","@id":"https:\/\/www.grupoandres.com\/fr\/pneus\/hankook-tire\/","url":"https:\/\/www.grupoandres.com\/fr\/pneus\/hankook-tire\/","name":"Pneus Hankook - Des pneus pour tous types de v\u00e9hicules","isPartOf":{"@id":"https:\/\/www.grupoandres.com\/#website"},"datePublished":"2026-01-23T13:47:27+00:00","dateModified":"2026-01-28T14:57:20+00:00","description":"D\u00e9couvrez Hankook Tire : une marque leader du pneumatique premium, avec garantie de qualit\u00e9, forte investment en R&amp;D et pr\u00e9sence internationale dans 160 pays.","breadcrumb":{"@id":"https:\/\/www.grupoandres.com\/fr\/pneus\/hankook-tire\/#breadcrumb"},"inLanguage":"fr-FR","potentialAction":[{"@type":"ReadAction","target":["https:\/\/www.grupoandres.com\/fr\/pneus\/hankook-tire\/"]}]},{"@type":"BreadcrumbList","@id":"https:\/\/www.grupoandres.com\/fr\/pneus\/hankook-tire\/#breadcrumb","itemListElement":[{"@type":"ListItem","position":1,"name":"Portada","item":"https:\/\/www.grupoandres.com\/fr\/"},{"@type":"ListItem","position":2,"name":"Pneus","item":"https:\/\/www.grupoandres.com\/fr\/pneus\/"},{"@type":"ListItem","position":3,"name":"Hankook"}]},{"@type":"WebSite","@id":"https:\/\/www.grupoandres.com\/#website","url":"https:\/\/www.grupoandres.com\/","name":"Grupo Andr\u00e9s Tyres","description":"Tyres distributor  for workshops and proffesional.Stock 500,000 tires  of  70 brands. Exclusive distributors of brands as Nankang , Matador, General Tire and more.","potentialAction":[{"@type":"SearchAction","target":{"@type":"EntryPoint","urlTemplate":"https:\/\/www.grupoandres.com\/?s={search_term_string}"},"query-input":{"@type":"PropertyValueSpecification","valueRequired":true,"valueName":"search_term_string"}}],"inLanguage":"fr-FR"}]}},"_links":{"self":[{"href":"https:\/\/www.grupoandres.com\/fr\/wp-json\/wp\/v2\/pages\/26264","targetHints":{"allow":["GET"]}}],"collection":[{"href":"https:\/\/www.grupoandres.com\/fr\/wp-json\/wp\/v2\/pages"}],"about":[{"href":"https:\/\/www.grupoandres.com\/fr\/wp-json\/wp\/v2\/types\/page"}],"author":[{"embeddable":true,"href":"https:\/\/www.grupoandres.com\/fr\/wp-json\/wp\/v2\/users\/1"}],"replies":[{"embeddable":true,"href":"https:\/\/www.grupoandres.com\/fr\/wp-json\/wp\/v2\/comments?post=26264"}],"version-history":[{"count":2,"href":"https:\/\/www.grupoandres.com\/fr\/wp-json\/wp\/v2\/pages\/26264\/revisions"}],"predecessor-version":[{"id":26274,"href":"https:\/\/www.grupoandres.com\/fr\/wp-json\/wp\/v2\/pages\/26264\/revisions\/26274"}],"up":[{"embeddable":true,"href":"https:\/\/www.grupoandres.com\/fr\/wp-json\/wp\/v2\/pages\/1249"}],"wp:attachment":[{"href":"https:\/\/www.grupoandres.com\/fr\/wp-json\/wp\/v2\/media?parent=26264"}],"curies":[{"name":"wp","href":"https:\/\/api.w.org\/{rel}","templated":true}]}}