{"id":1798,"date":"2016-05-16T13:18:48","date_gmt":"2016-05-16T13:18:48","guid":{"rendered":"http:\/\/www.grupoandres.com\/fr\/contacto-ok\/"},"modified":"2021-10-29T01:53:14","modified_gmt":"2021-10-28T23:53:14","slug":"recrutement-ok","status":"publish","type":"page","link":"https:\/\/www.grupoandres.com\/fr\/recrutement-ok\/","title":{"rendered":"Merci d&rsquo;avoir contact\u00e9 Grupo Andr\u00e9s."},"content":{"rendered":"<p style=\"text-align: center;\">Merci d&rsquo;avoir contact\u00e9 Grupo Andr\u00e9s.<\/p>\n<p style=\"text-align: center;\">Nous r\u00e9pondrons \u00e0 votre demande dans les meilleurs d\u00e9lais.<\/p>\n","protected":false},"excerpt":{"rendered":"<p>Merci d&rsquo;avoir contact\u00e9 Grupo Andr\u00e9s. Nous r\u00e9pondrons \u00e0 votre demande dans les meilleurs d\u00e9lais.<\/p>\n","protected":false},"author":1,"featured_media":0,"parent":0,"menu_order":0,"comment_status":"closed","ping_status":"closed","template":"page-thankyoupage-contacto.php","meta":{"_acf_changed":false,"footnotes":""},"class_list":["post-1798","page","type-page","status-publish","hentry"],"acf":[],"yoast_head":"<!-- This site is optimized with the Yoast SEO plugin v27.3 - https:\/\/yoast.com\/product\/yoast-seo-wordpress\/ -->\n<title>Merci d&#039;avoir contact\u00e9 Grupo Andr\u00e9s. - Grupo Andr\u00e9s Tyres<\/title>\n<meta name=\"robots\" content=\"noindex, follow\" \/>\n<meta property=\"og:locale\" content=\"fr_FR\" \/>\n<meta property=\"og:type\" content=\"article\" \/>\n<meta property=\"og:title\" content=\"Merci d&#039;avoir contact\u00e9 Grupo Andr\u00e9s. - Grupo Andr\u00e9s Tyres\" \/>\n<meta property=\"og:description\" content=\"Merci d&rsquo;avoir contact\u00e9 Grupo Andr\u00e9s. Nous r\u00e9pondrons \u00e0 votre demande dans les meilleurs d\u00e9lais.\" \/>\n<meta property=\"og:url\" content=\"https:\/\/www.grupoandres.com\/fr\/recrutement-ok\/\" \/>\n<meta property=\"og:site_name\" content=\"Grupo Andr\u00e9s Tyres\" \/>\n<meta property=\"article:modified_time\" content=\"2021-10-28T23:53:14+00:00\" \/>\n<meta name=\"twitter:card\" content=\"summary_large_image\" \/>\n<script type=\"application\/ld+json\" class=\"yoast-schema-graph\">{\"@context\":\"https:\\\/\\\/schema.org\",\"@graph\":[{\"@type\":\"WebPage\",\"@id\":\"https:\\\/\\\/www.grupoandres.com\\\/fr\\\/recrutement-ok\\\/\",\"url\":\"https:\\\/\\\/www.grupoandres.com\\\/fr\\\/recrutement-ok\\\/\",\"name\":\"Merci d'avoir contact\u00e9 Grupo Andr\u00e9s. - Grupo Andr\u00e9s Tyres\",\"isPartOf\":{\"@id\":\"https:\\\/\\\/www.grupoandres.com\\\/#website\"},\"datePublished\":\"2016-05-16T13:18:48+00:00\",\"dateModified\":\"2021-10-28T23:53:14+00:00\",\"breadcrumb\":{\"@id\":\"https:\\\/\\\/www.grupoandres.com\\\/fr\\\/recrutement-ok\\\/#breadcrumb\"},\"inLanguage\":\"fr-FR\",\"potentialAction\":[{\"@type\":\"ReadAction\",\"target\":[\"https:\\\/\\\/www.grupoandres.com\\\/fr\\\/recrutement-ok\\\/\"]}]},{\"@type\":\"BreadcrumbList\",\"@id\":\"https:\\\/\\\/www.grupoandres.com\\\/fr\\\/recrutement-ok\\\/#breadcrumb\",\"itemListElement\":[{\"@type\":\"ListItem\",\"position\":1,\"name\":\"Portada\",\"item\":\"https:\\\/\\\/www.grupoandres.com\\\/fr\\\/\"},{\"@type\":\"ListItem\",\"position\":2,\"name\":\"Merci d&rsquo;avoir contact\u00e9 Grupo Andr\u00e9s.\"}]},{\"@type\":\"WebSite\",\"@id\":\"https:\\\/\\\/www.grupoandres.com\\\/#website\",\"url\":\"https:\\\/\\\/www.grupoandres.com\\\/\",\"name\":\"Grupo Andr\u00e9s Tyres\",\"description\":\"Tyres distributor  for workshops and proffesional.Stock 500,000 tires  of  70 brands. Exclusive distributors of brands as Nankang , Matador, General Tire and more.\",\"potentialAction\":[{\"@type\":\"SearchAction\",\"target\":{\"@type\":\"EntryPoint\",\"urlTemplate\":\"https:\\\/\\\/www.grupoandres.com\\\/?s={search_term_string}\"},\"query-input\":{\"@type\":\"PropertyValueSpecification\",\"valueRequired\":true,\"valueName\":\"search_term_string\"}}],\"inLanguage\":\"fr-FR\"}]}<\/script>\n<!-- \/ Yoast SEO plugin. -->","yoast_head_json":{"title":"Merci d'avoir contact\u00e9 Grupo Andr\u00e9s. - Grupo Andr\u00e9s Tyres","robots":{"index":"noindex","follow":"follow"},"og_locale":"fr_FR","og_type":"article","og_title":"Merci d'avoir contact\u00e9 Grupo Andr\u00e9s. - Grupo Andr\u00e9s Tyres","og_description":"Merci d&rsquo;avoir contact\u00e9 Grupo Andr\u00e9s. Nous r\u00e9pondrons \u00e0 votre demande dans les meilleurs d\u00e9lais.","og_url":"https:\/\/www.grupoandres.com\/fr\/recrutement-ok\/","og_site_name":"Grupo Andr\u00e9s Tyres","article_modified_time":"2021-10-28T23:53:14+00:00","twitter_card":"summary_large_image","schema":{"@context":"https:\/\/schema.org","@graph":[{"@type":"WebPage","@id":"https:\/\/www.grupoandres.com\/fr\/recrutement-ok\/","url":"https:\/\/www.grupoandres.com\/fr\/recrutement-ok\/","name":"Merci d'avoir contact\u00e9 Grupo Andr\u00e9s. - Grupo Andr\u00e9s Tyres","isPartOf":{"@id":"https:\/\/www.grupoandres.com\/#website"},"datePublished":"2016-05-16T13:18:48+00:00","dateModified":"2021-10-28T23:53:14+00:00","breadcrumb":{"@id":"https:\/\/www.grupoandres.com\/fr\/recrutement-ok\/#breadcrumb"},"inLanguage":"fr-FR","potentialAction":[{"@type":"ReadAction","target":["https:\/\/www.grupoandres.com\/fr\/recrutement-ok\/"]}]},{"@type":"BreadcrumbList","@id":"https:\/\/www.grupoandres.com\/fr\/recrutement-ok\/#breadcrumb","itemListElement":[{"@type":"ListItem","position":1,"name":"Portada","item":"https:\/\/www.grupoandres.com\/fr\/"},{"@type":"ListItem","position":2,"name":"Merci d&rsquo;avoir contact\u00e9 Grupo Andr\u00e9s."}]},{"@type":"WebSite","@id":"https:\/\/www.grupoandres.com\/#website","url":"https:\/\/www.grupoandres.com\/","name":"Grupo Andr\u00e9s Tyres","description":"Tyres distributor  for workshops and proffesional.Stock 500,000 tires  of  70 brands. Exclusive distributors of brands as Nankang , Matador, General Tire and more.","potentialAction":[{"@type":"SearchAction","target":{"@type":"EntryPoint","urlTemplate":"https:\/\/www.grupoandres.com\/?s={search_term_string}"},"query-input":{"@type":"PropertyValueSpecification","valueRequired":true,"valueName":"search_term_string"}}],"inLanguage":"fr-FR"}]}},"_links":{"self":[{"href":"https:\/\/www.grupoandres.com\/fr\/wp-json\/wp\/v2\/pages\/1798","targetHints":{"allow":["GET"]}}],"collection":[{"href":"https:\/\/www.grupoandres.com\/fr\/wp-json\/wp\/v2\/pages"}],"about":[{"href":"https:\/\/www.grupoandres.com\/fr\/wp-json\/wp\/v2\/types\/page"}],"author":[{"embeddable":true,"href":"https:\/\/www.grupoandres.com\/fr\/wp-json\/wp\/v2\/users\/1"}],"replies":[{"embeddable":true,"href":"https:\/\/www.grupoandres.com\/fr\/wp-json\/wp\/v2\/comments?post=1798"}],"version-history":[{"count":5,"href":"https:\/\/www.grupoandres.com\/fr\/wp-json\/wp\/v2\/pages\/1798\/revisions"}],"predecessor-version":[{"id":13098,"href":"https:\/\/www.grupoandres.com\/fr\/wp-json\/wp\/v2\/pages\/1798\/revisions\/13098"}],"wp:attachment":[{"href":"https:\/\/www.grupoandres.com\/fr\/wp-json\/wp\/v2\/media?parent=1798"}],"curies":[{"name":"wp","href":"https:\/\/api.w.org\/{rel}","templated":true}]}}