{"id":1797,"date":"2016-05-16T13:18:48","date_gmt":"2016-05-16T13:18:48","guid":{"rendered":"http:\/\/www.grupoandres.com\/en\/contacto-ok\/"},"modified":"2021-10-29T01:52:59","modified_gmt":"2021-10-28T23:52:59","slug":"contact-ok","status":"publish","type":"page","link":"https:\/\/www.grupoandres.com\/en\/contact-ok\/","title":{"rendered":"Gracias por contactar con Grupo Andr\u00e9s"},"content":{"rendered":"<p style=\"text-align: center;\">Thank you for trusting Grupo Andr\u00e9s.<\/p>\n<p style=\"text-align: center;\">We will contact you as soon as possible.<\/p>\n","protected":false},"excerpt":{"rendered":"<p>Thank you for trusting Grupo Andr\u00e9s. We will contact you as soon as possible.<\/p>\n","protected":false},"author":1,"featured_media":0,"parent":0,"menu_order":0,"comment_status":"closed","ping_status":"closed","template":"page-thankyoupage-contacto.php","meta":{"_acf_changed":false,"footnotes":""},"class_list":["post-1797","page","type-page","status-publish","hentry"],"acf":[],"yoast_head":"<!-- This site is optimized with the Yoast SEO plugin v27.3 - https:\/\/yoast.com\/product\/yoast-seo-wordpress\/ -->\n<title>Gracias por contactar con Grupo Andr\u00e9s - Grupo Andr\u00e9s Tyres<\/title>\n<meta name=\"robots\" content=\"noindex, follow\" \/>\n<meta property=\"og:locale\" content=\"en_US\" \/>\n<meta property=\"og:type\" content=\"article\" \/>\n<meta property=\"og:title\" content=\"Gracias por contactar con Grupo Andr\u00e9s - Grupo Andr\u00e9s Tyres\" \/>\n<meta property=\"og:description\" content=\"Thank you for trusting Grupo Andr\u00e9s. We will contact you as soon as possible.\" \/>\n<meta property=\"og:url\" content=\"https:\/\/www.grupoandres.com\/en\/contact-ok\/\" \/>\n<meta property=\"og:site_name\" content=\"Grupo Andr\u00e9s Tyres\" \/>\n<meta property=\"article:modified_time\" content=\"2021-10-28T23:52:59+00:00\" \/>\n<meta name=\"twitter:card\" content=\"summary_large_image\" \/>\n<script type=\"application\/ld+json\" class=\"yoast-schema-graph\">{\"@context\":\"https:\\\/\\\/schema.org\",\"@graph\":[{\"@type\":\"WebPage\",\"@id\":\"https:\\\/\\\/www.grupoandres.com\\\/en\\\/contact-ok\\\/\",\"url\":\"https:\\\/\\\/www.grupoandres.com\\\/en\\\/contact-ok\\\/\",\"name\":\"Gracias por contactar con Grupo Andr\u00e9s - Grupo Andr\u00e9s Tyres\",\"isPartOf\":{\"@id\":\"https:\\\/\\\/www.grupoandres.com\\\/#website\"},\"datePublished\":\"2016-05-16T13:18:48+00:00\",\"dateModified\":\"2021-10-28T23:52:59+00:00\",\"breadcrumb\":{\"@id\":\"https:\\\/\\\/www.grupoandres.com\\\/en\\\/contact-ok\\\/#breadcrumb\"},\"inLanguage\":\"en-US\",\"potentialAction\":[{\"@type\":\"ReadAction\",\"target\":[\"https:\\\/\\\/www.grupoandres.com\\\/en\\\/contact-ok\\\/\"]}]},{\"@type\":\"BreadcrumbList\",\"@id\":\"https:\\\/\\\/www.grupoandres.com\\\/en\\\/contact-ok\\\/#breadcrumb\",\"itemListElement\":[{\"@type\":\"ListItem\",\"position\":1,\"name\":\"Portada\",\"item\":\"https:\\\/\\\/www.grupoandres.com\\\/en\\\/\"},{\"@type\":\"ListItem\",\"position\":2,\"name\":\"Gracias por contactar con Grupo Andr\u00e9s\"}]},{\"@type\":\"WebSite\",\"@id\":\"https:\\\/\\\/www.grupoandres.com\\\/#website\",\"url\":\"https:\\\/\\\/www.grupoandres.com\\\/\",\"name\":\"Grupo Andr\u00e9s Tyres\",\"description\":\"Tyres distributor  for workshops and proffesional.Stock 500,000 tires  of  70 brands. Exclusive distributors of brands as Nankang , Matador, General Tire and more.\",\"potentialAction\":[{\"@type\":\"SearchAction\",\"target\":{\"@type\":\"EntryPoint\",\"urlTemplate\":\"https:\\\/\\\/www.grupoandres.com\\\/?s={search_term_string}\"},\"query-input\":{\"@type\":\"PropertyValueSpecification\",\"valueRequired\":true,\"valueName\":\"search_term_string\"}}],\"inLanguage\":\"en-US\"}]}<\/script>\n<!-- \/ Yoast SEO plugin. -->","yoast_head_json":{"title":"Gracias por contactar con Grupo Andr\u00e9s - Grupo Andr\u00e9s Tyres","robots":{"index":"noindex","follow":"follow"},"og_locale":"en_US","og_type":"article","og_title":"Gracias por contactar con Grupo Andr\u00e9s - Grupo Andr\u00e9s Tyres","og_description":"Thank you for trusting Grupo Andr\u00e9s. We will contact you as soon as possible.","og_url":"https:\/\/www.grupoandres.com\/en\/contact-ok\/","og_site_name":"Grupo Andr\u00e9s Tyres","article_modified_time":"2021-10-28T23:52:59+00:00","twitter_card":"summary_large_image","schema":{"@context":"https:\/\/schema.org","@graph":[{"@type":"WebPage","@id":"https:\/\/www.grupoandres.com\/en\/contact-ok\/","url":"https:\/\/www.grupoandres.com\/en\/contact-ok\/","name":"Gracias por contactar con Grupo Andr\u00e9s - Grupo Andr\u00e9s Tyres","isPartOf":{"@id":"https:\/\/www.grupoandres.com\/#website"},"datePublished":"2016-05-16T13:18:48+00:00","dateModified":"2021-10-28T23:52:59+00:00","breadcrumb":{"@id":"https:\/\/www.grupoandres.com\/en\/contact-ok\/#breadcrumb"},"inLanguage":"en-US","potentialAction":[{"@type":"ReadAction","target":["https:\/\/www.grupoandres.com\/en\/contact-ok\/"]}]},{"@type":"BreadcrumbList","@id":"https:\/\/www.grupoandres.com\/en\/contact-ok\/#breadcrumb","itemListElement":[{"@type":"ListItem","position":1,"name":"Portada","item":"https:\/\/www.grupoandres.com\/en\/"},{"@type":"ListItem","position":2,"name":"Gracias por contactar con Grupo Andr\u00e9s"}]},{"@type":"WebSite","@id":"https:\/\/www.grupoandres.com\/#website","url":"https:\/\/www.grupoandres.com\/","name":"Grupo Andr\u00e9s Tyres","description":"Tyres distributor  for workshops and proffesional.Stock 500,000 tires  of  70 brands. Exclusive distributors of brands as Nankang , Matador, General Tire and more.","potentialAction":[{"@type":"SearchAction","target":{"@type":"EntryPoint","urlTemplate":"https:\/\/www.grupoandres.com\/?s={search_term_string}"},"query-input":{"@type":"PropertyValueSpecification","valueRequired":true,"valueName":"search_term_string"}}],"inLanguage":"en-US"}]}},"_links":{"self":[{"href":"https:\/\/www.grupoandres.com\/en\/wp-json\/wp\/v2\/pages\/1797","targetHints":{"allow":["GET"]}}],"collection":[{"href":"https:\/\/www.grupoandres.com\/en\/wp-json\/wp\/v2\/pages"}],"about":[{"href":"https:\/\/www.grupoandres.com\/en\/wp-json\/wp\/v2\/types\/page"}],"author":[{"embeddable":true,"href":"https:\/\/www.grupoandres.com\/en\/wp-json\/wp\/v2\/users\/1"}],"replies":[{"embeddable":true,"href":"https:\/\/www.grupoandres.com\/en\/wp-json\/wp\/v2\/comments?post=1797"}],"version-history":[{"count":4,"href":"https:\/\/www.grupoandres.com\/en\/wp-json\/wp\/v2\/pages\/1797\/revisions"}],"predecessor-version":[{"id":13097,"href":"https:\/\/www.grupoandres.com\/en\/wp-json\/wp\/v2\/pages\/1797\/revisions\/13097"}],"wp:attachment":[{"href":"https:\/\/www.grupoandres.com\/en\/wp-json\/wp\/v2\/media?parent=1797"}],"curies":[{"name":"wp","href":"https:\/\/api.w.org\/{rel}","templated":true}]}}