{"id":6886,"date":"2016-05-16T07:47:05","date_gmt":"2016-05-16T07:47:05","guid":{"rendered":"https:\/\/www.grupoandres.com\/solicitar-cuenta\/alta-cliente-ok\/"},"modified":"2021-10-29T02:00:46","modified_gmt":"2021-10-29T00:00:46","slug":"hoher-kunde-ok","status":"publish","type":"page","link":"https:\/\/www.grupoandres.com\/de\/bestellen-sie-konto\/hoher-kunde-ok\/","title":{"rendered":"Vielen Dank f\u00fcr Ihr Vertrauen in Grupo Andr\u00e9s"},"content":{"rendered":"<p style=\"text-align: center;\">Vielen Dank f\u00fcr Ihr Vertrauen in Grupo Andr\u00e9s.<\/p>\n<p style=\"text-align: center;\">Wir werden uns so schnell wie m\u00f6glich mit Ihnen in Verbindung setzen.<\/p>\n","protected":false},"excerpt":{"rendered":"<p>Vielen Dank f\u00fcr Ihr Vertrauen in Grupo Andr\u00e9s. Wir werden uns so schnell wie m\u00f6glich mit Ihnen in Verbindung setzen.<\/p>\n","protected":false},"author":1,"featured_media":0,"parent":6883,"menu_order":0,"comment_status":"closed","ping_status":"closed","template":"page-thankyoupage.php","meta":{"_acf_changed":false,"footnotes":""},"class_list":["post-6886","page","type-page","status-publish","hentry"],"acf":[],"yoast_head":"<!-- This site is optimized with the Yoast SEO plugin v27.3 - https:\/\/yoast.com\/product\/yoast-seo-wordpress\/ -->\n<title>Vielen Dank f\u00fcr Ihr Vertrauen in Grupo Andr\u00e9s - Grupo Andr\u00e9s Tyres<\/title>\n<meta name=\"robots\" content=\"noindex, follow\" \/>\n<meta property=\"og:locale\" content=\"de_DE\" \/>\n<meta property=\"og:type\" content=\"article\" \/>\n<meta property=\"og:title\" content=\"Vielen Dank f\u00fcr Ihr Vertrauen in Grupo Andr\u00e9s - Grupo Andr\u00e9s Tyres\" \/>\n<meta property=\"og:description\" content=\"Vielen Dank f\u00fcr Ihr Vertrauen in Grupo Andr\u00e9s. Wir werden uns so schnell wie m\u00f6glich mit Ihnen in Verbindung setzen.\" \/>\n<meta property=\"og:url\" content=\"https:\/\/www.grupoandres.com\/de\/bestellen-sie-konto\/hoher-kunde-ok\/\" \/>\n<meta property=\"og:site_name\" content=\"Grupo Andr\u00e9s Tyres\" \/>\n<meta property=\"article:modified_time\" content=\"2021-10-29T00:00:46+00:00\" \/>\n<meta name=\"twitter:card\" content=\"summary_large_image\" \/>\n<script type=\"application\/ld+json\" class=\"yoast-schema-graph\">{\"@context\":\"https:\\\/\\\/schema.org\",\"@graph\":[{\"@type\":\"WebPage\",\"@id\":\"https:\\\/\\\/www.grupoandres.com\\\/de\\\/bestellen-sie-konto\\\/hoher-kunde-ok\\\/\",\"url\":\"https:\\\/\\\/www.grupoandres.com\\\/de\\\/bestellen-sie-konto\\\/hoher-kunde-ok\\\/\",\"name\":\"Vielen Dank f\u00fcr Ihr Vertrauen in Grupo Andr\u00e9s - Grupo Andr\u00e9s Tyres\",\"isPartOf\":{\"@id\":\"https:\\\/\\\/www.grupoandres.com\\\/#website\"},\"datePublished\":\"2016-05-16T07:47:05+00:00\",\"dateModified\":\"2021-10-29T00:00:46+00:00\",\"breadcrumb\":{\"@id\":\"https:\\\/\\\/www.grupoandres.com\\\/de\\\/bestellen-sie-konto\\\/hoher-kunde-ok\\\/#breadcrumb\"},\"inLanguage\":\"de\",\"potentialAction\":[{\"@type\":\"ReadAction\",\"target\":[\"https:\\\/\\\/www.grupoandres.com\\\/de\\\/bestellen-sie-konto\\\/hoher-kunde-ok\\\/\"]}]},{\"@type\":\"BreadcrumbList\",\"@id\":\"https:\\\/\\\/www.grupoandres.com\\\/de\\\/bestellen-sie-konto\\\/hoher-kunde-ok\\\/#breadcrumb\",\"itemListElement\":[{\"@type\":\"ListItem\",\"position\":1,\"name\":\"Portada\",\"item\":\"https:\\\/\\\/www.grupoandres.com\\\/de\\\/\"},{\"@type\":\"ListItem\",\"position\":2,\"name\":\"Kundenkontoanfrage f\u00fcr Workshops und Profis\",\"item\":\"https:\\\/\\\/www.grupoandres.com\\\/de\\\/bestellen-sie-konto\\\/\"},{\"@type\":\"ListItem\",\"position\":3,\"name\":\"Vielen Dank f\u00fcr Ihr Vertrauen in Grupo Andr\u00e9s\"}]},{\"@type\":\"WebSite\",\"@id\":\"https:\\\/\\\/www.grupoandres.com\\\/#website\",\"url\":\"https:\\\/\\\/www.grupoandres.com\\\/\",\"name\":\"Grupo Andr\u00e9s Tyres\",\"description\":\"Tyres distributor  for workshops and proffesional.Stock 500,000 tires  of  70 brands. Exclusive distributors of brands as Nankang , Matador, General Tire and more.\",\"potentialAction\":[{\"@type\":\"SearchAction\",\"target\":{\"@type\":\"EntryPoint\",\"urlTemplate\":\"https:\\\/\\\/www.grupoandres.com\\\/?s={search_term_string}\"},\"query-input\":{\"@type\":\"PropertyValueSpecification\",\"valueRequired\":true,\"valueName\":\"search_term_string\"}}],\"inLanguage\":\"de\"}]}<\/script>\n<!-- \/ Yoast SEO plugin. -->","yoast_head_json":{"title":"Vielen Dank f\u00fcr Ihr Vertrauen in Grupo Andr\u00e9s - Grupo Andr\u00e9s Tyres","robots":{"index":"noindex","follow":"follow"},"og_locale":"de_DE","og_type":"article","og_title":"Vielen Dank f\u00fcr Ihr Vertrauen in Grupo Andr\u00e9s - Grupo Andr\u00e9s Tyres","og_description":"Vielen Dank f\u00fcr Ihr Vertrauen in Grupo Andr\u00e9s. Wir werden uns so schnell wie m\u00f6glich mit Ihnen in Verbindung setzen.","og_url":"https:\/\/www.grupoandres.com\/de\/bestellen-sie-konto\/hoher-kunde-ok\/","og_site_name":"Grupo Andr\u00e9s Tyres","article_modified_time":"2021-10-29T00:00:46+00:00","twitter_card":"summary_large_image","schema":{"@context":"https:\/\/schema.org","@graph":[{"@type":"WebPage","@id":"https:\/\/www.grupoandres.com\/de\/bestellen-sie-konto\/hoher-kunde-ok\/","url":"https:\/\/www.grupoandres.com\/de\/bestellen-sie-konto\/hoher-kunde-ok\/","name":"Vielen Dank f\u00fcr Ihr Vertrauen in Grupo Andr\u00e9s - Grupo Andr\u00e9s Tyres","isPartOf":{"@id":"https:\/\/www.grupoandres.com\/#website"},"datePublished":"2016-05-16T07:47:05+00:00","dateModified":"2021-10-29T00:00:46+00:00","breadcrumb":{"@id":"https:\/\/www.grupoandres.com\/de\/bestellen-sie-konto\/hoher-kunde-ok\/#breadcrumb"},"inLanguage":"de","potentialAction":[{"@type":"ReadAction","target":["https:\/\/www.grupoandres.com\/de\/bestellen-sie-konto\/hoher-kunde-ok\/"]}]},{"@type":"BreadcrumbList","@id":"https:\/\/www.grupoandres.com\/de\/bestellen-sie-konto\/hoher-kunde-ok\/#breadcrumb","itemListElement":[{"@type":"ListItem","position":1,"name":"Portada","item":"https:\/\/www.grupoandres.com\/de\/"},{"@type":"ListItem","position":2,"name":"Kundenkontoanfrage f\u00fcr Workshops und Profis","item":"https:\/\/www.grupoandres.com\/de\/bestellen-sie-konto\/"},{"@type":"ListItem","position":3,"name":"Vielen Dank f\u00fcr Ihr Vertrauen in Grupo Andr\u00e9s"}]},{"@type":"WebSite","@id":"https:\/\/www.grupoandres.com\/#website","url":"https:\/\/www.grupoandres.com\/","name":"Grupo Andr\u00e9s Tyres","description":"Tyres distributor  for workshops and proffesional.Stock 500,000 tires  of  70 brands. Exclusive distributors of brands as Nankang , Matador, General Tire and more.","potentialAction":[{"@type":"SearchAction","target":{"@type":"EntryPoint","urlTemplate":"https:\/\/www.grupoandres.com\/?s={search_term_string}"},"query-input":{"@type":"PropertyValueSpecification","valueRequired":true,"valueName":"search_term_string"}}],"inLanguage":"de"}]}},"_links":{"self":[{"href":"https:\/\/www.grupoandres.com\/de\/wp-json\/wp\/v2\/pages\/6886","targetHints":{"allow":["GET"]}}],"collection":[{"href":"https:\/\/www.grupoandres.com\/de\/wp-json\/wp\/v2\/pages"}],"about":[{"href":"https:\/\/www.grupoandres.com\/de\/wp-json\/wp\/v2\/types\/page"}],"author":[{"embeddable":true,"href":"https:\/\/www.grupoandres.com\/de\/wp-json\/wp\/v2\/users\/1"}],"replies":[{"embeddable":true,"href":"https:\/\/www.grupoandres.com\/de\/wp-json\/wp\/v2\/comments?post=6886"}],"version-history":[{"count":6,"href":"https:\/\/www.grupoandres.com\/de\/wp-json\/wp\/v2\/pages\/6886\/revisions"}],"predecessor-version":[{"id":13115,"href":"https:\/\/www.grupoandres.com\/de\/wp-json\/wp\/v2\/pages\/6886\/revisions\/13115"}],"up":[{"embeddable":true,"href":"https:\/\/www.grupoandres.com\/de\/wp-json\/wp\/v2\/pages\/6883"}],"wp:attachment":[{"href":"https:\/\/www.grupoandres.com\/de\/wp-json\/wp\/v2\/media?parent=6886"}],"curies":[{"name":"wp","href":"https:\/\/api.w.org\/{rel}","templated":true}]}}