{"id":6668,"date":"2019-04-22T10:20:53","date_gmt":"2019-04-22T09:20:53","guid":{"rendered":"https:\/\/www.grupoandres.com\/?page_id=6668"},"modified":"2021-10-29T01:53:41","modified_gmt":"2021-10-28T23:53:41","slug":"kontakt-ok","status":"publish","type":"page","link":"https:\/\/www.grupoandres.com\/de\/kontakt-ok\/","title":{"rendered":"Vielen Dank, dass Sie sich mit Grupo Andr\u00e9s in Verbindung gesetzt haben"},"content":{"rendered":"<p style=\"text-align: center;\">Vielen Dank, dass Sie sich mit Grupo Andr\u00e9s in Verbindung gesetzt haben.<\/p>\n<p style=\"text-align: center;\">Wir werden Ihre Anfrage so schnell wie m\u00f6glich beantworten.<\/p>\n","protected":false},"excerpt":{"rendered":"<p>Vielen Dank, dass Sie sich mit Grupo Andr\u00e9s in Verbindung gesetzt haben. Wir werden Ihre Anfrage so schnell wie m\u00f6glich beantworten.<\/p>\n","protected":false},"author":1,"featured_media":0,"parent":0,"menu_order":0,"comment_status":"closed","ping_status":"closed","template":"page-thankyoupage-contacto.php","meta":{"_acf_changed":false,"footnotes":""},"class_list":["post-6668","page","type-page","status-publish","hentry"],"acf":[],"yoast_head":"<!-- This site is optimized with the Yoast SEO plugin v27.3 - https:\/\/yoast.com\/product\/yoast-seo-wordpress\/ -->\n<title>Vielen Dank, dass Sie sich mit Grupo Andr\u00e9s in Verbindung gesetzt haben - Grupo Andr\u00e9s Tyres<\/title>\n<meta name=\"robots\" content=\"noindex, follow\" \/>\n<meta property=\"og:locale\" content=\"de_DE\" \/>\n<meta property=\"og:type\" content=\"article\" \/>\n<meta property=\"og:title\" content=\"Vielen Dank, dass Sie sich mit Grupo Andr\u00e9s in Verbindung gesetzt haben - Grupo Andr\u00e9s Tyres\" \/>\n<meta property=\"og:description\" content=\"Vielen Dank, dass Sie sich mit Grupo Andr\u00e9s in Verbindung gesetzt haben. Wir werden Ihre Anfrage so schnell wie m\u00f6glich beantworten.\" \/>\n<meta property=\"og:url\" content=\"https:\/\/www.grupoandres.com\/de\/kontakt-ok\/\" \/>\n<meta property=\"og:site_name\" content=\"Grupo Andr\u00e9s Tyres\" \/>\n<meta property=\"article:modified_time\" content=\"2021-10-28T23:53:41+00:00\" \/>\n<meta name=\"twitter:card\" content=\"summary_large_image\" \/>\n<script type=\"application\/ld+json\" class=\"yoast-schema-graph\">{\"@context\":\"https:\\\/\\\/schema.org\",\"@graph\":[{\"@type\":\"WebPage\",\"@id\":\"https:\\\/\\\/www.grupoandres.com\\\/de\\\/kontakt-ok\\\/\",\"url\":\"https:\\\/\\\/www.grupoandres.com\\\/de\\\/kontakt-ok\\\/\",\"name\":\"Vielen Dank, dass Sie sich mit Grupo Andr\u00e9s in Verbindung gesetzt haben - Grupo Andr\u00e9s Tyres\",\"isPartOf\":{\"@id\":\"https:\\\/\\\/www.grupoandres.com\\\/#website\"},\"datePublished\":\"2019-04-22T09:20:53+00:00\",\"dateModified\":\"2021-10-28T23:53:41+00:00\",\"breadcrumb\":{\"@id\":\"https:\\\/\\\/www.grupoandres.com\\\/de\\\/kontakt-ok\\\/#breadcrumb\"},\"inLanguage\":\"de\",\"potentialAction\":[{\"@type\":\"ReadAction\",\"target\":[\"https:\\\/\\\/www.grupoandres.com\\\/de\\\/kontakt-ok\\\/\"]}]},{\"@type\":\"BreadcrumbList\",\"@id\":\"https:\\\/\\\/www.grupoandres.com\\\/de\\\/kontakt-ok\\\/#breadcrumb\",\"itemListElement\":[{\"@type\":\"ListItem\",\"position\":1,\"name\":\"Portada\",\"item\":\"https:\\\/\\\/www.grupoandres.com\\\/de\\\/\"},{\"@type\":\"ListItem\",\"position\":2,\"name\":\"Vielen Dank, dass Sie sich mit Grupo Andr\u00e9s in Verbindung gesetzt haben\"}]},{\"@type\":\"WebSite\",\"@id\":\"https:\\\/\\\/www.grupoandres.com\\\/#website\",\"url\":\"https:\\\/\\\/www.grupoandres.com\\\/\",\"name\":\"Grupo Andr\u00e9s Tyres\",\"description\":\"Tyres distributor  for workshops and proffesional.Stock 500,000 tires  of  70 brands. Exclusive distributors of brands as Nankang , Matador, General Tire and more.\",\"potentialAction\":[{\"@type\":\"SearchAction\",\"target\":{\"@type\":\"EntryPoint\",\"urlTemplate\":\"https:\\\/\\\/www.grupoandres.com\\\/?s={search_term_string}\"},\"query-input\":{\"@type\":\"PropertyValueSpecification\",\"valueRequired\":true,\"valueName\":\"search_term_string\"}}],\"inLanguage\":\"de\"}]}<\/script>\n<!-- \/ Yoast SEO plugin. -->","yoast_head_json":{"title":"Vielen Dank, dass Sie sich mit Grupo Andr\u00e9s in Verbindung gesetzt haben - Grupo Andr\u00e9s Tyres","robots":{"index":"noindex","follow":"follow"},"og_locale":"de_DE","og_type":"article","og_title":"Vielen Dank, dass Sie sich mit Grupo Andr\u00e9s in Verbindung gesetzt haben - Grupo Andr\u00e9s Tyres","og_description":"Vielen Dank, dass Sie sich mit Grupo Andr\u00e9s in Verbindung gesetzt haben. Wir werden Ihre Anfrage so schnell wie m\u00f6glich beantworten.","og_url":"https:\/\/www.grupoandres.com\/de\/kontakt-ok\/","og_site_name":"Grupo Andr\u00e9s Tyres","article_modified_time":"2021-10-28T23:53:41+00:00","twitter_card":"summary_large_image","schema":{"@context":"https:\/\/schema.org","@graph":[{"@type":"WebPage","@id":"https:\/\/www.grupoandres.com\/de\/kontakt-ok\/","url":"https:\/\/www.grupoandres.com\/de\/kontakt-ok\/","name":"Vielen Dank, dass Sie sich mit Grupo Andr\u00e9s in Verbindung gesetzt haben - Grupo Andr\u00e9s Tyres","isPartOf":{"@id":"https:\/\/www.grupoandres.com\/#website"},"datePublished":"2019-04-22T09:20:53+00:00","dateModified":"2021-10-28T23:53:41+00:00","breadcrumb":{"@id":"https:\/\/www.grupoandres.com\/de\/kontakt-ok\/#breadcrumb"},"inLanguage":"de","potentialAction":[{"@type":"ReadAction","target":["https:\/\/www.grupoandres.com\/de\/kontakt-ok\/"]}]},{"@type":"BreadcrumbList","@id":"https:\/\/www.grupoandres.com\/de\/kontakt-ok\/#breadcrumb","itemListElement":[{"@type":"ListItem","position":1,"name":"Portada","item":"https:\/\/www.grupoandres.com\/de\/"},{"@type":"ListItem","position":2,"name":"Vielen Dank, dass Sie sich mit Grupo Andr\u00e9s in Verbindung gesetzt haben"}]},{"@type":"WebSite","@id":"https:\/\/www.grupoandres.com\/#website","url":"https:\/\/www.grupoandres.com\/","name":"Grupo Andr\u00e9s Tyres","description":"Tyres distributor  for workshops and proffesional.Stock 500,000 tires  of  70 brands. Exclusive distributors of brands as Nankang , Matador, General Tire and more.","potentialAction":[{"@type":"SearchAction","target":{"@type":"EntryPoint","urlTemplate":"https:\/\/www.grupoandres.com\/?s={search_term_string}"},"query-input":{"@type":"PropertyValueSpecification","valueRequired":true,"valueName":"search_term_string"}}],"inLanguage":"de"}]}},"_links":{"self":[{"href":"https:\/\/www.grupoandres.com\/de\/wp-json\/wp\/v2\/pages\/6668","targetHints":{"allow":["GET"]}}],"collection":[{"href":"https:\/\/www.grupoandres.com\/de\/wp-json\/wp\/v2\/pages"}],"about":[{"href":"https:\/\/www.grupoandres.com\/de\/wp-json\/wp\/v2\/types\/page"}],"author":[{"embeddable":true,"href":"https:\/\/www.grupoandres.com\/de\/wp-json\/wp\/v2\/users\/1"}],"replies":[{"embeddable":true,"href":"https:\/\/www.grupoandres.com\/de\/wp-json\/wp\/v2\/comments?post=6668"}],"version-history":[{"count":4,"href":"https:\/\/www.grupoandres.com\/de\/wp-json\/wp\/v2\/pages\/6668\/revisions"}],"predecessor-version":[{"id":13100,"href":"https:\/\/www.grupoandres.com\/de\/wp-json\/wp\/v2\/pages\/6668\/revisions\/13100"}],"wp:attachment":[{"href":"https:\/\/www.grupoandres.com\/de\/wp-json\/wp\/v2\/media?parent=6668"}],"curies":[{"name":"wp","href":"https:\/\/api.w.org\/{rel}","templated":true}]}}