{"id":26265,"date":"2026-01-23T14:47:27","date_gmt":"2026-01-23T13:47:27","guid":{"rendered":"https:\/\/www.grupoandres.com\/reifen\/hankook-tire\/"},"modified":"2026-01-28T15:59:45","modified_gmt":"2026-01-28T14:59:45","slug":"hankook-tire","status":"publish","type":"page","link":"https:\/\/www.grupoandres.com\/de\/reifen\/hankook-tire\/","title":{"rendered":"Hankook"},"content":{"rendered":"<p><strong>Hankook Tire<\/strong> ist eine Marke <strong>s\u00fcdkoreanischen<\/strong> Ursprungs, gegr\u00fcndet <strong>1941 in Seoul<\/strong>, und heute als einer der Reifenhersteller mit der gr\u00f6\u00dften internationalen Reichweite anerkannt. Die Entwicklung ist kontinuierlich: vom <strong>lokalen Pionier zum globalen Akteur<\/strong>, pr\u00e4sent in \u00fcber 160 L\u00e4ndern und mit einer Jahresproduktion von mehr als 100 Millionen Einheiten. Dieses Wachstum basiert auf drei strategischen S\u00e4ulen: einem \u00e4u\u00dferst wettbewerbsf\u00e4higen Produktions- und Vertriebsnetz, technologischer Innovation und hochpr\u00e4ziser Ingenieurskunst. Die Erfolge von Hankook Tire unterstreichen die Positionierung als <strong><em>Premium<\/em>-Marke<\/strong>. Beleg daf\u00fcr sind <strong>neue Erstausr\u00fcstungen f\u00fcr Elektrofahrzeuge<\/strong> sowie Hochleistungsmodelle. Zu den j\u00fcngsten Highlights z\u00e4hlen die neuesten Vereinbarungen mit Volkswagen und BMW. Das Unternehmen baut sein Erstausr\u00fcstungsgesch\u00e4ft im Bereich der Elektromobilit\u00e4t weiter aus.<\/p>\n","protected":false},"excerpt":{"rendered":"<p>Hankook Tire ist eine Marke s\u00fcdkoreanischen Ursprungs, gegr\u00fcndet 1941 in Seoul, und heute als einer der Reifenhersteller mit der gr\u00f6\u00dften internationalen Reichweite anerkannt. Die Entwicklung ist kontinuierlich: vom lokalen Pionier zum globalen Akteur, pr\u00e4sent in \u00fcber 160 L\u00e4ndern und mit einer Jahresproduktion von mehr als 100 Millionen Einheiten. Dieses Wachstum basiert auf drei strategischen S\u00e4ulen: &hellip; <a href=\"https:\/\/www.grupoandres.com\/de\/reifen\/hankook-tire\/\" class=\"more-link\">Continue reading <span class=\"screen-reader-text\">Hankook<\/span> <span class=\"meta-nav\">&rarr;<\/span><\/a><\/p>\n","protected":false},"author":1,"featured_media":0,"parent":6887,"menu_order":0,"comment_status":"closed","ping_status":"closed","template":"page-marcas.php","meta":{"_acf_changed":false,"footnotes":""},"class_list":["post-26265","page","type-page","status-publish","hentry"],"acf":[],"yoast_head":"<!-- This site is optimized with the Yoast SEO plugin v27.3 - https:\/\/yoast.com\/product\/yoast-seo-wordpress\/ -->\n<title>Hankook Reifen - Reifen f\u00fcr alle Fahrzeugtypen<\/title>\n<meta name=\"description\" content=\"Entdecken Sie Hankook Tire: eine f\u00fchrende Premium-Reifenmarke mit Qualit\u00e4tsgarantie, starken Investitionen in F&amp;E und internationaler Pr\u00e4senz in 160 L\u00e4ndern.\" \/>\n<meta name=\"robots\" content=\"index, follow, max-snippet:-1, max-image-preview:large, max-video-preview:-1\" \/>\n<link rel=\"canonical\" href=\"https:\/\/www.grupoandres.com\/de\/reifen\/hankook-tire\/\" \/>\n<meta property=\"og:locale\" content=\"de_DE\" \/>\n<meta property=\"og:type\" content=\"article\" \/>\n<meta property=\"og:title\" content=\"Hankook Reifen - Reifen f\u00fcr alle Fahrzeugtypen\" \/>\n<meta property=\"og:description\" content=\"Entdecken Sie Hankook Tire: eine f\u00fchrende Premium-Reifenmarke mit Qualit\u00e4tsgarantie, starken Investitionen in F&amp;E und internationaler Pr\u00e4senz in 160 L\u00e4ndern.\" \/>\n<meta property=\"og:url\" content=\"https:\/\/www.grupoandres.com\/de\/reifen\/hankook-tire\/\" \/>\n<meta property=\"og:site_name\" content=\"Grupo Andr\u00e9s Tyres\" \/>\n<meta property=\"article:modified_time\" content=\"2026-01-28T14:59:45+00:00\" \/>\n<meta name=\"twitter:card\" content=\"summary_large_image\" \/>\n<meta name=\"twitter:label1\" content=\"Gesch\u00e4tzte Lesezeit\" \/>\n\t<meta name=\"twitter:data1\" content=\"1\u00a0Minute\" \/>\n<script type=\"application\/ld+json\" class=\"yoast-schema-graph\">{\"@context\":\"https:\\\/\\\/schema.org\",\"@graph\":[{\"@type\":\"WebPage\",\"@id\":\"https:\\\/\\\/www.grupoandres.com\\\/de\\\/reifen\\\/hankook-tire\\\/\",\"url\":\"https:\\\/\\\/www.grupoandres.com\\\/de\\\/reifen\\\/hankook-tire\\\/\",\"name\":\"Hankook Reifen - Reifen f\u00fcr alle Fahrzeugtypen\",\"isPartOf\":{\"@id\":\"https:\\\/\\\/www.grupoandres.com\\\/#website\"},\"datePublished\":\"2026-01-23T13:47:27+00:00\",\"dateModified\":\"2026-01-28T14:59:45+00:00\",\"description\":\"Entdecken Sie Hankook Tire: eine f\u00fchrende Premium-Reifenmarke mit Qualit\u00e4tsgarantie, starken Investitionen in F&amp;E und internationaler Pr\u00e4senz in 160 L\u00e4ndern.\",\"breadcrumb\":{\"@id\":\"https:\\\/\\\/www.grupoandres.com\\\/de\\\/reifen\\\/hankook-tire\\\/#breadcrumb\"},\"inLanguage\":\"de\",\"potentialAction\":[{\"@type\":\"ReadAction\",\"target\":[\"https:\\\/\\\/www.grupoandres.com\\\/de\\\/reifen\\\/hankook-tire\\\/\"]}]},{\"@type\":\"BreadcrumbList\",\"@id\":\"https:\\\/\\\/www.grupoandres.com\\\/de\\\/reifen\\\/hankook-tire\\\/#breadcrumb\",\"itemListElement\":[{\"@type\":\"ListItem\",\"position\":1,\"name\":\"Portada\",\"item\":\"https:\\\/\\\/www.grupoandres.com\\\/de\\\/\"},{\"@type\":\"ListItem\",\"position\":2,\"name\":\"Reifen\",\"item\":\"https:\\\/\\\/www.grupoandres.com\\\/de\\\/reifen\\\/\"},{\"@type\":\"ListItem\",\"position\":3,\"name\":\"Hankook\"}]},{\"@type\":\"WebSite\",\"@id\":\"https:\\\/\\\/www.grupoandres.com\\\/#website\",\"url\":\"https:\\\/\\\/www.grupoandres.com\\\/\",\"name\":\"Grupo Andr\u00e9s Tyres\",\"description\":\"Tyres distributor  for workshops and proffesional.Stock 500,000 tires  of  70 brands. Exclusive distributors of brands as Nankang , Matador, General Tire and more.\",\"potentialAction\":[{\"@type\":\"SearchAction\",\"target\":{\"@type\":\"EntryPoint\",\"urlTemplate\":\"https:\\\/\\\/www.grupoandres.com\\\/?s={search_term_string}\"},\"query-input\":{\"@type\":\"PropertyValueSpecification\",\"valueRequired\":true,\"valueName\":\"search_term_string\"}}],\"inLanguage\":\"de\"}]}<\/script>\n<!-- \/ Yoast SEO plugin. -->","yoast_head_json":{"title":"Hankook Reifen - Reifen f\u00fcr alle Fahrzeugtypen","description":"Entdecken Sie Hankook Tire: eine f\u00fchrende Premium-Reifenmarke mit Qualit\u00e4tsgarantie, starken Investitionen in F&amp;E und internationaler Pr\u00e4senz in 160 L\u00e4ndern.","robots":{"index":"index","follow":"follow","max-snippet":"max-snippet:-1","max-image-preview":"max-image-preview:large","max-video-preview":"max-video-preview:-1"},"canonical":"https:\/\/www.grupoandres.com\/de\/reifen\/hankook-tire\/","og_locale":"de_DE","og_type":"article","og_title":"Hankook Reifen - Reifen f\u00fcr alle Fahrzeugtypen","og_description":"Entdecken Sie Hankook Tire: eine f\u00fchrende Premium-Reifenmarke mit Qualit\u00e4tsgarantie, starken Investitionen in F&amp;E und internationaler Pr\u00e4senz in 160 L\u00e4ndern.","og_url":"https:\/\/www.grupoandres.com\/de\/reifen\/hankook-tire\/","og_site_name":"Grupo Andr\u00e9s Tyres","article_modified_time":"2026-01-28T14:59:45+00:00","twitter_card":"summary_large_image","twitter_misc":{"Gesch\u00e4tzte Lesezeit":"1\u00a0Minute"},"schema":{"@context":"https:\/\/schema.org","@graph":[{"@type":"WebPage","@id":"https:\/\/www.grupoandres.com\/de\/reifen\/hankook-tire\/","url":"https:\/\/www.grupoandres.com\/de\/reifen\/hankook-tire\/","name":"Hankook Reifen - Reifen f\u00fcr alle Fahrzeugtypen","isPartOf":{"@id":"https:\/\/www.grupoandres.com\/#website"},"datePublished":"2026-01-23T13:47:27+00:00","dateModified":"2026-01-28T14:59:45+00:00","description":"Entdecken Sie Hankook Tire: eine f\u00fchrende Premium-Reifenmarke mit Qualit\u00e4tsgarantie, starken Investitionen in F&amp;E und internationaler Pr\u00e4senz in 160 L\u00e4ndern.","breadcrumb":{"@id":"https:\/\/www.grupoandres.com\/de\/reifen\/hankook-tire\/#breadcrumb"},"inLanguage":"de","potentialAction":[{"@type":"ReadAction","target":["https:\/\/www.grupoandres.com\/de\/reifen\/hankook-tire\/"]}]},{"@type":"BreadcrumbList","@id":"https:\/\/www.grupoandres.com\/de\/reifen\/hankook-tire\/#breadcrumb","itemListElement":[{"@type":"ListItem","position":1,"name":"Portada","item":"https:\/\/www.grupoandres.com\/de\/"},{"@type":"ListItem","position":2,"name":"Reifen","item":"https:\/\/www.grupoandres.com\/de\/reifen\/"},{"@type":"ListItem","position":3,"name":"Hankook"}]},{"@type":"WebSite","@id":"https:\/\/www.grupoandres.com\/#website","url":"https:\/\/www.grupoandres.com\/","name":"Grupo Andr\u00e9s Tyres","description":"Tyres distributor  for workshops and proffesional.Stock 500,000 tires  of  70 brands. Exclusive distributors of brands as Nankang , Matador, General Tire and more.","potentialAction":[{"@type":"SearchAction","target":{"@type":"EntryPoint","urlTemplate":"https:\/\/www.grupoandres.com\/?s={search_term_string}"},"query-input":{"@type":"PropertyValueSpecification","valueRequired":true,"valueName":"search_term_string"}}],"inLanguage":"de"}]}},"_links":{"self":[{"href":"https:\/\/www.grupoandres.com\/de\/wp-json\/wp\/v2\/pages\/26265","targetHints":{"allow":["GET"]}}],"collection":[{"href":"https:\/\/www.grupoandres.com\/de\/wp-json\/wp\/v2\/pages"}],"about":[{"href":"https:\/\/www.grupoandres.com\/de\/wp-json\/wp\/v2\/types\/page"}],"author":[{"embeddable":true,"href":"https:\/\/www.grupoandres.com\/de\/wp-json\/wp\/v2\/users\/1"}],"replies":[{"embeddable":true,"href":"https:\/\/www.grupoandres.com\/de\/wp-json\/wp\/v2\/comments?post=26265"}],"version-history":[{"count":2,"href":"https:\/\/www.grupoandres.com\/de\/wp-json\/wp\/v2\/pages\/26265\/revisions"}],"predecessor-version":[{"id":26276,"href":"https:\/\/www.grupoandres.com\/de\/wp-json\/wp\/v2\/pages\/26265\/revisions\/26276"}],"up":[{"embeddable":true,"href":"https:\/\/www.grupoandres.com\/de\/wp-json\/wp\/v2\/pages\/6887"}],"wp:attachment":[{"href":"https:\/\/www.grupoandres.com\/de\/wp-json\/wp\/v2\/media?parent=26265"}],"curies":[{"name":"wp","href":"https:\/\/api.w.org\/{rel}","templated":true}]}}